{"id":39215,"date":"2024-02-09T11:37:23","date_gmt":"2024-02-09T11:37:23","guid":{"rendered":"https:\/\/lefkadabnb.gr\/attivita-di-fitness\/"},"modified":"2024-03-08T13:52:19","modified_gmt":"2024-03-08T13:52:19","slug":"attivita-di-fitness","status":"publish","type":"page","link":"https:\/\/lefkadabnb.gr\/it\/attivita-di-fitness\/","title":{"rendered":"Attivit\u00e0 di fitness"},"content":{"rendered":"\t\t<div data-elementor-type=\"wp-page\" data-elementor-id=\"39215\" class=\"elementor elementor-39215 elementor-30978\" data-elementor-post-type=\"page\">\n\t\t\t\t\t\t<section class=\"elementor-section elementor-top-section elementor-element elementor-element-2aecf4d elementor-section-boxed elementor-section-height-default elementor-section-height-default\" data-id=\"2aecf4d\" data-element_type=\"section\" data-e-type=\"section\">\n\t\t\t\t\t\t<div class=\"elementor-container elementor-column-gap-default\">\n\t\t\t\t\t<div class=\"elementor-column elementor-col-100 elementor-top-column elementor-element elementor-element-243deb8\" data-id=\"243deb8\" data-element_type=\"column\" data-e-type=\"column\">\n\t\t\t<div class=\"elementor-widget-wrap elementor-element-populated\">\n\t\t\t\t\t\t<div class=\"elementor-element elementor-element-2b66f6c elementor-widget elementor-widget-text-editor\" data-id=\"2b66f6c\" data-element_type=\"widget\" data-e-type=\"widget\" data-widget_type=\"text-editor.default\">\n\t\t\t\t<div class=\"elementor-widget-container\">\n\t\t\t\t\t\t\t\t\t<p>A Lefkadabnb crediamo che il benessere sia una questione di equilibrio, soprattutto perch\u00e9 ognuno ha un&#8217;idea diversa di come rilassarsi e divertirsi quando \u00e8 in vacanza.<\/p>\n<p>Per allenare il tuo corpo o svolgere alcune attivit\u00e0, il nostro team collabora con i migliori professionisti. Qualunque sia il tuo livello o i tuoi obiettivi, i nostri partner possono personalizzare le tue sessioni per adattarle alle tue esigenze individuali.<\/p>\n<p>Che tu voglia una sessione in palestra, yoga privato, corsa costiera o allenamento in villa, siamo felici di rendere ogni sessione unica per te per farti sentire al top durante la tua vacanza.<\/p>\n\t\t\t\t\t\t\t\t<\/div>\n\t\t\t\t<\/div>\n\t\t\t\t\t<\/div>\n\t\t<\/div>\n\t\t\t\t\t<\/div>\n\t\t<\/section>\n\t\t\t\t<section class=\"elementor-section elementor-top-section elementor-element elementor-element-9629cfd elementor-section-boxed elementor-section-height-default elementor-section-height-default\" data-id=\"9629cfd\" data-element_type=\"section\" data-e-type=\"section\">\n\t\t\t\t\t\t<div class=\"elementor-container elementor-column-gap-default\">\n\t\t\t\t\t<div class=\"elementor-column elementor-col-100 elementor-top-column elementor-element elementor-element-d948f0c\" data-id=\"d948f0c\" data-element_type=\"column\" data-e-type=\"column\">\n\t\t\t<div class=\"elementor-widget-wrap elementor-element-populated\">\n\t\t\t\t\t\t<div class=\"elementor-element elementor-element-e18eb6b elementor-widget elementor-widget-shortcode\" data-id=\"e18eb6b\" data-element_type=\"widget\" data-e-type=\"widget\" data-widget_type=\"shortcode.default\">\n\t\t\t\t<div class=\"elementor-widget-container\">\n\t\t\t\t\t\t\t<div class=\"elementor-shortcode\"><p class=\"wpcf7-contact-form-not-found\"><strong>Errore:<\/strong> Modulo di contatto non trovato.<\/p><\/div>\n\t\t\t\t\t\t<\/div>\n\t\t\t\t<\/div>\n\t\t\t\t\t<\/div>\n\t\t<\/div>\n\t\t\t\t\t<\/div>\n\t\t<\/section>\n\t\t\t\t<section class=\"elementor-section elementor-top-section elementor-element elementor-element-0eed086 elementor-section-boxed elementor-section-height-default elementor-section-height-default\" data-id=\"0eed086\" data-element_type=\"section\" data-e-type=\"section\">\n\t\t\t\t\t\t<div class=\"elementor-container elementor-column-gap-default\">\n\t\t\t\t\t<div class=\"elementor-column elementor-col-100 elementor-top-column elementor-element elementor-element-117615a\" data-id=\"117615a\" data-element_type=\"column\" data-e-type=\"column\">\n\t\t\t<div class=\"elementor-widget-wrap elementor-element-populated\">\n\t\t\t\t\t\t<div class=\"elementor-element elementor-element-473605a elementor-widget elementor-widget-image\" data-id=\"473605a\" data-element_type=\"widget\" data-e-type=\"widget\" data-widget_type=\"image.default\">\n\t\t\t\t<div class=\"elementor-widget-container\">\n\t\t\t\t\t\t\t\t\t\t\t\t\t\t\t<img fetchpriority=\"high\" decoding=\"async\" width=\"1024\" height=\"683\" src=\"https:\/\/lefkadabnb.gr\/wp-content\/uploads\/2024\/02\/0n3X0Phf-1-1024x683.jpeg\" class=\"attachment-large size-large wp-image-38088\" alt=\"\" srcset=\"https:\/\/lefkadabnb.gr\/wp-content\/uploads\/2024\/02\/0n3X0Phf-1-1024x683.jpeg 1024w, https:\/\/lefkadabnb.gr\/wp-content\/uploads\/2024\/02\/0n3X0Phf-1-300x200.jpeg 300w, https:\/\/lefkadabnb.gr\/wp-content\/uploads\/2024\/02\/0n3X0Phf-1-768x512.jpeg 768w\" sizes=\"(max-width: 1024px) 100vw, 1024px\" \/>\t\t\t\t\t\t\t\t\t\t\t\t\t\t\t<\/div>\n\t\t\t\t<\/div>\n\t\t\t\t<div class=\"elementor-element elementor-element-2058daf elementor-widget elementor-widget-image\" data-id=\"2058daf\" data-element_type=\"widget\" data-e-type=\"widget\" data-widget_type=\"image.default\">\n\t\t\t\t<div class=\"elementor-widget-container\">\n\t\t\t\t\t\t\t\t\t\t\t\t\t\t\t<img decoding=\"async\" width=\"1000\" height=\"666\" src=\"https:\/\/lefkadabnb.gr\/wp-content\/uploads\/2024\/02\/personal-trainer-melekos-gimnastirio.jpg\" class=\"attachment-large size-large wp-image-38091\" alt=\"\" srcset=\"https:\/\/lefkadabnb.gr\/wp-content\/uploads\/2024\/02\/personal-trainer-melekos-gimnastirio.jpg 1000w, https:\/\/lefkadabnb.gr\/wp-content\/uploads\/2024\/02\/personal-trainer-melekos-gimnastirio-300x200.jpg 300w, https:\/\/lefkadabnb.gr\/wp-content\/uploads\/2024\/02\/personal-trainer-melekos-gimnastirio-768x511.jpg 768w, https:\/\/lefkadabnb.gr\/wp-content\/uploads\/2024\/02\/personal-trainer-melekos-gimnastirio-240x160.jpg 240w\" sizes=\"(max-width: 1000px) 100vw, 1000px\" \/>\t\t\t\t\t\t\t\t\t\t\t\t\t\t\t<\/div>\n\t\t\t\t<\/div>\n\t\t\t\t\t<\/div>\n\t\t<\/div>\n\t\t\t\t\t<\/div>\n\t\t<\/section>\n\t\t\t\t<\/div>\n\t\t","protected":false},"excerpt":{"rendered":"<p>A Lefkadabnb crediamo che il benessere sia una questione di equilibrio, soprattutto perch\u00e9 ognuno ha un&#8217;idea diversa di come rilassarsi e divertirsi quando \u00e8 in vacanza. Per allenare il tuo corpo o svolgere alcune attivit\u00e0, il nostro team collabora con i migliori professionisti. Qualunque sia il tuo livello o i tuoi obiettivi, i nostri partner &#8230;<\/p>\n","protected":false},"author":1,"featured_media":0,"parent":0,"menu_order":0,"comment_status":"closed","ping_status":"closed","template":"","meta":{"footnotes":""},"class_list":["post-39215","page","type-page","status-publish","hentry"],"yoast_head":"<!-- This site is optimized with the Yoast SEO plugin v27.1.1 - https:\/\/yoast.com\/product\/yoast-seo-wordpress\/ -->\n<title>Attivit\u00e0 di fitness - Lefkada Vacation Rentals 2026 - Villas - Studios - Apartments 2026<\/title>\n<meta name=\"robots\" content=\"index, follow, max-snippet:-1, max-image-preview:large, max-video-preview:-1\" \/>\n<link rel=\"canonical\" href=\"https:\/\/lefkadabnb.gr\/it\/attivita-di-fitness\/\" \/>\n<meta property=\"og:locale\" content=\"it_IT\" \/>\n<meta property=\"og:type\" content=\"article\" \/>\n<meta property=\"og:title\" content=\"Attivit\u00e0 di fitness - Lefkada Vacation Rentals 2026 - Villas - Studios - Apartments 2026\" \/>\n<meta property=\"og:description\" content=\"A Lefkadabnb crediamo che il benessere sia una questione di equilibrio, soprattutto perch\u00e9 ognuno ha un&#8217;idea diversa di come rilassarsi e divertirsi quando \u00e8 in vacanza. Per allenare il tuo corpo o svolgere alcune attivit\u00e0, il nostro team collabora con i migliori professionisti. Qualunque sia il tuo livello o i tuoi obiettivi, i nostri partner ...\" \/>\n<meta property=\"og:url\" content=\"https:\/\/lefkadabnb.gr\/it\/attivita-di-fitness\/\" \/>\n<meta property=\"og:site_name\" content=\"Lefkada Vacation Rentals 2026 - Villas - Studios - Apartments 2026\" \/>\n<meta property=\"article:modified_time\" content=\"2024-03-08T13:52:19+00:00\" \/>\n<meta property=\"og:image\" content=\"https:\/\/lefkadabnb.gr\/wp-content\/uploads\/2024\/02\/0n3X0Phf-1-1024x683.jpeg\" \/>\n<meta name=\"twitter:card\" content=\"summary_large_image\" \/>\n<meta name=\"twitter:label1\" content=\"Tempo di lettura stimato\" \/>\n\t<meta name=\"twitter:data1\" content=\"1 minuto\" \/>\n<script type=\"application\/ld+json\" class=\"yoast-schema-graph\">{\"@context\":\"https:\/\/schema.org\",\"@graph\":[{\"@type\":\"WebPage\",\"@id\":\"https:\/\/lefkadabnb.gr\/it\/attivita-di-fitness\/\",\"url\":\"https:\/\/lefkadabnb.gr\/it\/attivita-di-fitness\/\",\"name\":\"Attivit\u00e0 di fitness - Lefkada Vacation Rentals 2026 - Villas - Studios - Apartments 2026\",\"isPartOf\":{\"@id\":\"https:\/\/lefkadabnb.gr\/it\/#website\"},\"primaryImageOfPage\":{\"@id\":\"https:\/\/lefkadabnb.gr\/it\/attivita-di-fitness\/#primaryimage\"},\"image\":{\"@id\":\"https:\/\/lefkadabnb.gr\/it\/attivita-di-fitness\/#primaryimage\"},\"thumbnailUrl\":\"https:\/\/lefkadabnb.gr\/wp-content\/uploads\/2024\/02\/0n3X0Phf-1-1024x683.jpeg\",\"datePublished\":\"2024-02-09T11:37:23+00:00\",\"dateModified\":\"2024-03-08T13:52:19+00:00\",\"breadcrumb\":{\"@id\":\"https:\/\/lefkadabnb.gr\/it\/attivita-di-fitness\/#breadcrumb\"},\"inLanguage\":\"it-IT\",\"potentialAction\":[{\"@type\":\"ReadAction\",\"target\":[\"https:\/\/lefkadabnb.gr\/it\/attivita-di-fitness\/\"]}]},{\"@type\":\"ImageObject\",\"inLanguage\":\"it-IT\",\"@id\":\"https:\/\/lefkadabnb.gr\/it\/attivita-di-fitness\/#primaryimage\",\"url\":\"https:\/\/lefkadabnb.gr\/wp-content\/uploads\/2024\/02\/0n3X0Phf-1-1024x683.jpeg\",\"contentUrl\":\"https:\/\/lefkadabnb.gr\/wp-content\/uploads\/2024\/02\/0n3X0Phf-1-1024x683.jpeg\"},{\"@type\":\"BreadcrumbList\",\"@id\":\"https:\/\/lefkadabnb.gr\/it\/attivita-di-fitness\/#breadcrumb\",\"itemListElement\":[{\"@type\":\"ListItem\",\"position\":1,\"name\":\"Home\",\"item\":\"https:\/\/lefkadabnb.gr\/it\/\"},{\"@type\":\"ListItem\",\"position\":2,\"name\":\"Attivit\u00e0 di fitness\"}]},{\"@type\":\"WebSite\",\"@id\":\"https:\/\/lefkadabnb.gr\/it\/#website\",\"url\":\"https:\/\/lefkadabnb.gr\/it\/\",\"name\":\"Lefkada Vacation Rentals 2026 - Villas - Studios - Apartments 2026\",\"description\":\"Lefkada Vacation Rentals 2026 - Villas - Studios - Apartments 2026\",\"potentialAction\":[{\"@type\":\"SearchAction\",\"target\":{\"@type\":\"EntryPoint\",\"urlTemplate\":\"https:\/\/lefkadabnb.gr\/it\/?s={search_term_string}\"},\"query-input\":{\"@type\":\"PropertyValueSpecification\",\"valueRequired\":true,\"valueName\":\"search_term_string\"}}],\"inLanguage\":\"it-IT\"}]}<\/script>\n<!-- \/ Yoast SEO plugin. -->","yoast_head_json":{"title":"Attivit\u00e0 di fitness - Lefkada Vacation Rentals 2026 - Villas - Studios - Apartments 2026","robots":{"index":"index","follow":"follow","max-snippet":"max-snippet:-1","max-image-preview":"max-image-preview:large","max-video-preview":"max-video-preview:-1"},"canonical":"https:\/\/lefkadabnb.gr\/it\/attivita-di-fitness\/","og_locale":"it_IT","og_type":"article","og_title":"Attivit\u00e0 di fitness - Lefkada Vacation Rentals 2026 - Villas - Studios - Apartments 2026","og_description":"A Lefkadabnb crediamo che il benessere sia una questione di equilibrio, soprattutto perch\u00e9 ognuno ha un&#8217;idea diversa di come rilassarsi e divertirsi quando \u00e8 in vacanza. Per allenare il tuo corpo o svolgere alcune attivit\u00e0, il nostro team collabora con i migliori professionisti. Qualunque sia il tuo livello o i tuoi obiettivi, i nostri partner ...","og_url":"https:\/\/lefkadabnb.gr\/it\/attivita-di-fitness\/","og_site_name":"Lefkada Vacation Rentals 2026 - Villas - Studios - Apartments 2026","article_modified_time":"2024-03-08T13:52:19+00:00","og_image":[{"url":"https:\/\/lefkadabnb.gr\/wp-content\/uploads\/2024\/02\/0n3X0Phf-1-1024x683.jpeg","type":"","width":"","height":""}],"twitter_card":"summary_large_image","twitter_misc":{"Tempo di lettura stimato":"1 minuto"},"schema":{"@context":"https:\/\/schema.org","@graph":[{"@type":"WebPage","@id":"https:\/\/lefkadabnb.gr\/it\/attivita-di-fitness\/","url":"https:\/\/lefkadabnb.gr\/it\/attivita-di-fitness\/","name":"Attivit\u00e0 di fitness - Lefkada Vacation Rentals 2026 - Villas - Studios - Apartments 2026","isPartOf":{"@id":"https:\/\/lefkadabnb.gr\/it\/#website"},"primaryImageOfPage":{"@id":"https:\/\/lefkadabnb.gr\/it\/attivita-di-fitness\/#primaryimage"},"image":{"@id":"https:\/\/lefkadabnb.gr\/it\/attivita-di-fitness\/#primaryimage"},"thumbnailUrl":"https:\/\/lefkadabnb.gr\/wp-content\/uploads\/2024\/02\/0n3X0Phf-1-1024x683.jpeg","datePublished":"2024-02-09T11:37:23+00:00","dateModified":"2024-03-08T13:52:19+00:00","breadcrumb":{"@id":"https:\/\/lefkadabnb.gr\/it\/attivita-di-fitness\/#breadcrumb"},"inLanguage":"it-IT","potentialAction":[{"@type":"ReadAction","target":["https:\/\/lefkadabnb.gr\/it\/attivita-di-fitness\/"]}]},{"@type":"ImageObject","inLanguage":"it-IT","@id":"https:\/\/lefkadabnb.gr\/it\/attivita-di-fitness\/#primaryimage","url":"https:\/\/lefkadabnb.gr\/wp-content\/uploads\/2024\/02\/0n3X0Phf-1-1024x683.jpeg","contentUrl":"https:\/\/lefkadabnb.gr\/wp-content\/uploads\/2024\/02\/0n3X0Phf-1-1024x683.jpeg"},{"@type":"BreadcrumbList","@id":"https:\/\/lefkadabnb.gr\/it\/attivita-di-fitness\/#breadcrumb","itemListElement":[{"@type":"ListItem","position":1,"name":"Home","item":"https:\/\/lefkadabnb.gr\/it\/"},{"@type":"ListItem","position":2,"name":"Attivit\u00e0 di fitness"}]},{"@type":"WebSite","@id":"https:\/\/lefkadabnb.gr\/it\/#website","url":"https:\/\/lefkadabnb.gr\/it\/","name":"Lefkada Vacation Rentals 2026 - Villas - Studios - Apartments 2026","description":"Lefkada Vacation Rentals 2026 - Villas - Studios - Apartments 2026","potentialAction":[{"@type":"SearchAction","target":{"@type":"EntryPoint","urlTemplate":"https:\/\/lefkadabnb.gr\/it\/?s={search_term_string}"},"query-input":{"@type":"PropertyValueSpecification","valueRequired":true,"valueName":"search_term_string"}}],"inLanguage":"it-IT"}]}},"_links":{"self":[{"href":"https:\/\/lefkadabnb.gr\/it\/wp-json\/wp\/v2\/pages\/39215","targetHints":{"allow":["GET"]}}],"collection":[{"href":"https:\/\/lefkadabnb.gr\/it\/wp-json\/wp\/v2\/pages"}],"about":[{"href":"https:\/\/lefkadabnb.gr\/it\/wp-json\/wp\/v2\/types\/page"}],"author":[{"embeddable":true,"href":"https:\/\/lefkadabnb.gr\/it\/wp-json\/wp\/v2\/users\/1"}],"replies":[{"embeddable":true,"href":"https:\/\/lefkadabnb.gr\/it\/wp-json\/wp\/v2\/comments?post=39215"}],"version-history":[{"count":1,"href":"https:\/\/lefkadabnb.gr\/it\/wp-json\/wp\/v2\/pages\/39215\/revisions"}],"predecessor-version":[{"id":39216,"href":"https:\/\/lefkadabnb.gr\/it\/wp-json\/wp\/v2\/pages\/39215\/revisions\/39216"}],"wp:attachment":[{"href":"https:\/\/lefkadabnb.gr\/it\/wp-json\/wp\/v2\/media?parent=39215"}],"curies":[{"name":"wp","href":"https:\/\/api.w.org\/{rel}","templated":true}]}}