{"id":39213,"date":"2024-02-09T10:35:35","date_gmt":"2024-02-09T10:35:35","guid":{"rendered":"https:\/\/lefkadabnb.gr\/servicii-de-inchiriere-de-barci\/"},"modified":"2024-03-08T13:50:34","modified_gmt":"2024-03-08T13:50:34","slug":"servicii-de-inchiriere-de-barci","status":"publish","type":"page","link":"https:\/\/lefkadabnb.gr\/ro\/servicii-de-inchiriere-de-barci\/","title":{"rendered":"Servicii de \u00eenchiriere de b\u0103rci"},"content":{"rendered":"\t\t<div data-elementor-type=\"wp-page\" data-elementor-id=\"39213\" class=\"elementor elementor-39213 elementor-30934\" data-elementor-post-type=\"page\">\n\t\t\t\t\t\t<section class=\"elementor-section elementor-top-section elementor-element elementor-element-2aecf4d elementor-section-boxed elementor-section-height-default elementor-section-height-default\" data-id=\"2aecf4d\" data-element_type=\"section\" data-e-type=\"section\">\n\t\t\t\t\t\t<div class=\"elementor-container elementor-column-gap-default\">\n\t\t\t\t\t<div class=\"elementor-column elementor-col-100 elementor-top-column elementor-element elementor-element-243deb8\" data-id=\"243deb8\" data-element_type=\"column\" data-e-type=\"column\">\n\t\t\t<div class=\"elementor-widget-wrap elementor-element-populated\">\n\t\t\t\t\t\t<div class=\"elementor-element elementor-element-2b66f6c elementor-widget elementor-widget-text-editor\" data-id=\"2b66f6c\" data-element_type=\"widget\" data-e-type=\"widget\" data-widget_type=\"text-editor.default\">\n\t\t\t\t<div class=\"elementor-widget-container\">\n\t\t\t\t\t\t\t\t\t<p>Ce zici de a explora Lefkada cu o barc\u0103 sau un iaht? Echipa noastr\u0103 este preg\u0103tit\u0103<br \/>\nsa iti sugereze iahtul sau barca ideala pentru vacantele tale, de la mega<br \/>\niaht cu motor, o barc\u0103 cu vele cu c\u0103pitan, spre insul\u0103 sper\u00e2nd pe o coast\u0103.<\/p>\n<p>G\u0103si<br \/>\nmici plaje private de nisip \u0219i bucura\u021bi-v\u0103 de mare cu prietenii sau cu dvs<br \/>\nfamilie. Dac\u0103 dori\u021bi s\u0103 explora\u021bi \u00eentreaga insul\u0103 cu o barc\u0103 \u00eentr-un timp scurt \u0219i a<br \/>\n\u00cenchirieri de iahturi de lux este cea mai bun\u0103 alegere pentru tine.<\/p>\n<p>\u00cen LefkadaBnB putem oferi iahturi de lux, b\u0103rci cu p\u00e2nze, catamaran, charter cu echipaj sau croaziere zilnice cu iaht.<\/p>\n\t\t\t\t\t\t\t\t<\/div>\n\t\t\t\t<\/div>\n\t\t\t\t\t<\/div>\n\t\t<\/div>\n\t\t\t\t\t<\/div>\n\t\t<\/section>\n\t\t\t\t<section class=\"elementor-section elementor-top-section elementor-element elementor-element-9629cfd elementor-section-boxed elementor-section-height-default elementor-section-height-default\" data-id=\"9629cfd\" data-element_type=\"section\" data-e-type=\"section\">\n\t\t\t\t\t\t<div class=\"elementor-container elementor-column-gap-default\">\n\t\t\t\t\t<div class=\"elementor-column elementor-col-100 elementor-top-column elementor-element elementor-element-d948f0c\" data-id=\"d948f0c\" data-element_type=\"column\" data-e-type=\"column\">\n\t\t\t<div class=\"elementor-widget-wrap elementor-element-populated\">\n\t\t\t\t\t\t<div class=\"elementor-element elementor-element-e18eb6b elementor-widget elementor-widget-shortcode\" data-id=\"e18eb6b\" data-element_type=\"widget\" data-e-type=\"widget\" data-widget_type=\"shortcode.default\">\n\t\t\t\t<div class=\"elementor-widget-container\">\n\t\t\t\t\t\t\t<div class=\"elementor-shortcode\"><p class=\"wpcf7-contact-form-not-found\"><strong>Eroare:<\/strong> Nu am g\u0103sit formularul de contact.<\/p><\/div>\n\t\t\t\t\t\t<\/div>\n\t\t\t\t<\/div>\n\t\t\t\t<div class=\"elementor-element elementor-element-a69d614 elementor-widget elementor-widget-image\" data-id=\"a69d614\" data-element_type=\"widget\" data-e-type=\"widget\" data-widget_type=\"image.default\">\n\t\t\t\t<div class=\"elementor-widget-container\">\n\t\t\t\t\t\t\t\t\t\t\t\t\t\t\t<img fetchpriority=\"high\" decoding=\"async\" width=\"992\" height=\"744\" src=\"https:\/\/lefkadabnb.gr\/wp-content\/uploads\/2024\/02\/boat.jpg\" class=\"attachment-large size-large wp-image-38068\" alt=\"\" srcset=\"https:\/\/lefkadabnb.gr\/wp-content\/uploads\/2024\/02\/boat.jpg 992w, https:\/\/lefkadabnb.gr\/wp-content\/uploads\/2024\/02\/boat-300x225.jpg 300w, https:\/\/lefkadabnb.gr\/wp-content\/uploads\/2024\/02\/boat-768x576.jpg 768w\" sizes=\"(max-width: 992px) 100vw, 992px\" \/>\t\t\t\t\t\t\t\t\t\t\t\t\t\t\t<\/div>\n\t\t\t\t<\/div>\n\t\t\t\t\t<\/div>\n\t\t<\/div>\n\t\t\t\t\t<\/div>\n\t\t<\/section>\n\t\t\t\t<\/div>\n\t\t","protected":false},"excerpt":{"rendered":"<p>Ce zici de a explora Lefkada cu o barc\u0103 sau un iaht? Echipa noastr\u0103 este preg\u0103tit\u0103 sa iti sugereze iahtul sau barca ideala pentru vacantele tale, de la mega iaht cu motor, o barc\u0103 cu vele cu c\u0103pitan, spre insul\u0103 sper\u00e2nd pe o coast\u0103. G\u0103si mici plaje private de nisip \u0219i bucura\u021bi-v\u0103 de mare cu &#8230;<\/p>\n","protected":false},"author":1,"featured_media":0,"parent":0,"menu_order":0,"comment_status":"closed","ping_status":"closed","template":"","meta":{"footnotes":""},"class_list":["post-39213","page","type-page","status-publish","hentry"],"yoast_head":"<!-- This site is optimized with the Yoast SEO plugin v27.1.1 - https:\/\/yoast.com\/product\/yoast-seo-wordpress\/ -->\n<title>Servicii de \u00eenchiriere de b\u0103rci - Lefkada Vacation Rentals 2026 - Villas - Studios - Apartments 2026<\/title>\n<meta name=\"robots\" content=\"index, follow, max-snippet:-1, max-image-preview:large, max-video-preview:-1\" \/>\n<link rel=\"canonical\" href=\"https:\/\/lefkadabnb.gr\/ro\/servicii-de-inchiriere-de-barci\/\" \/>\n<meta property=\"og:locale\" content=\"ro_RO\" \/>\n<meta property=\"og:type\" content=\"article\" \/>\n<meta property=\"og:title\" content=\"Servicii de \u00eenchiriere de b\u0103rci - Lefkada Vacation Rentals 2026 - Villas - Studios - Apartments 2026\" \/>\n<meta property=\"og:description\" content=\"Ce zici de a explora Lefkada cu o barc\u0103 sau un iaht? Echipa noastr\u0103 este preg\u0103tit\u0103 sa iti sugereze iahtul sau barca ideala pentru vacantele tale, de la mega iaht cu motor, o barc\u0103 cu vele cu c\u0103pitan, spre insul\u0103 sper\u00e2nd pe o coast\u0103. G\u0103si mici plaje private de nisip \u0219i bucura\u021bi-v\u0103 de mare cu ...\" \/>\n<meta property=\"og:url\" content=\"https:\/\/lefkadabnb.gr\/ro\/servicii-de-inchiriere-de-barci\/\" \/>\n<meta property=\"og:site_name\" content=\"Lefkada Vacation Rentals 2026 - Villas - Studios - Apartments 2026\" \/>\n<meta property=\"article:modified_time\" content=\"2024-03-08T13:50:34+00:00\" \/>\n<meta property=\"og:image\" content=\"https:\/\/lefkadabnb.gr\/wp-content\/uploads\/2024\/02\/boat.jpg\" \/>\n<meta name=\"twitter:card\" content=\"summary_large_image\" \/>\n<meta name=\"twitter:label1\" content=\"Timp estimat pentru citire\" \/>\n\t<meta name=\"twitter:data1\" content=\"1 minut\" \/>\n<script type=\"application\/ld+json\" class=\"yoast-schema-graph\">{\"@context\":\"https:\/\/schema.org\",\"@graph\":[{\"@type\":\"WebPage\",\"@id\":\"https:\/\/lefkadabnb.gr\/ro\/servicii-de-inchiriere-de-barci\/\",\"url\":\"https:\/\/lefkadabnb.gr\/ro\/servicii-de-inchiriere-de-barci\/\",\"name\":\"Servicii de \u00eenchiriere de b\u0103rci - Lefkada Vacation Rentals 2026 - Villas - Studios - Apartments 2026\",\"isPartOf\":{\"@id\":\"https:\/\/lefkadabnb.gr\/ro\/#website\"},\"primaryImageOfPage\":{\"@id\":\"https:\/\/lefkadabnb.gr\/ro\/servicii-de-inchiriere-de-barci\/#primaryimage\"},\"image\":{\"@id\":\"https:\/\/lefkadabnb.gr\/ro\/servicii-de-inchiriere-de-barci\/#primaryimage\"},\"thumbnailUrl\":\"https:\/\/lefkadabnb.gr\/wp-content\/uploads\/2024\/02\/boat.jpg\",\"datePublished\":\"2024-02-09T10:35:35+00:00\",\"dateModified\":\"2024-03-08T13:50:34+00:00\",\"breadcrumb\":{\"@id\":\"https:\/\/lefkadabnb.gr\/ro\/servicii-de-inchiriere-de-barci\/#breadcrumb\"},\"inLanguage\":\"ro-RO\",\"potentialAction\":[{\"@type\":\"ReadAction\",\"target\":[\"https:\/\/lefkadabnb.gr\/ro\/servicii-de-inchiriere-de-barci\/\"]}]},{\"@type\":\"ImageObject\",\"inLanguage\":\"ro-RO\",\"@id\":\"https:\/\/lefkadabnb.gr\/ro\/servicii-de-inchiriere-de-barci\/#primaryimage\",\"url\":\"https:\/\/lefkadabnb.gr\/wp-content\/uploads\/2024\/02\/boat.jpg\",\"contentUrl\":\"https:\/\/lefkadabnb.gr\/wp-content\/uploads\/2024\/02\/boat.jpg\"},{\"@type\":\"BreadcrumbList\",\"@id\":\"https:\/\/lefkadabnb.gr\/ro\/servicii-de-inchiriere-de-barci\/#breadcrumb\",\"itemListElement\":[{\"@type\":\"ListItem\",\"position\":1,\"name\":\"Home\",\"item\":\"https:\/\/lefkadabnb.gr\/ro\/\"},{\"@type\":\"ListItem\",\"position\":2,\"name\":\"Servicii de \u00eenchiriere de b\u0103rci\"}]},{\"@type\":\"WebSite\",\"@id\":\"https:\/\/lefkadabnb.gr\/ro\/#website\",\"url\":\"https:\/\/lefkadabnb.gr\/ro\/\",\"name\":\"Lefkada Vacation Rentals 2026 - Villas - Studios - Apartments 2026\",\"description\":\"Lefkada Vacation Rentals 2026 - Villas - Studios - Apartments 2026\",\"potentialAction\":[{\"@type\":\"SearchAction\",\"target\":{\"@type\":\"EntryPoint\",\"urlTemplate\":\"https:\/\/lefkadabnb.gr\/ro\/?s={search_term_string}\"},\"query-input\":{\"@type\":\"PropertyValueSpecification\",\"valueRequired\":true,\"valueName\":\"search_term_string\"}}],\"inLanguage\":\"ro-RO\"}]}<\/script>\n<!-- \/ Yoast SEO plugin. -->","yoast_head_json":{"title":"Servicii de \u00eenchiriere de b\u0103rci - Lefkada Vacation Rentals 2026 - Villas - Studios - Apartments 2026","robots":{"index":"index","follow":"follow","max-snippet":"max-snippet:-1","max-image-preview":"max-image-preview:large","max-video-preview":"max-video-preview:-1"},"canonical":"https:\/\/lefkadabnb.gr\/ro\/servicii-de-inchiriere-de-barci\/","og_locale":"ro_RO","og_type":"article","og_title":"Servicii de \u00eenchiriere de b\u0103rci - Lefkada Vacation Rentals 2026 - Villas - Studios - Apartments 2026","og_description":"Ce zici de a explora Lefkada cu o barc\u0103 sau un iaht? Echipa noastr\u0103 este preg\u0103tit\u0103 sa iti sugereze iahtul sau barca ideala pentru vacantele tale, de la mega iaht cu motor, o barc\u0103 cu vele cu c\u0103pitan, spre insul\u0103 sper\u00e2nd pe o coast\u0103. G\u0103si mici plaje private de nisip \u0219i bucura\u021bi-v\u0103 de mare cu ...","og_url":"https:\/\/lefkadabnb.gr\/ro\/servicii-de-inchiriere-de-barci\/","og_site_name":"Lefkada Vacation Rentals 2026 - Villas - Studios - Apartments 2026","article_modified_time":"2024-03-08T13:50:34+00:00","og_image":[{"url":"https:\/\/lefkadabnb.gr\/wp-content\/uploads\/2024\/02\/boat.jpg","type":"","width":"","height":""}],"twitter_card":"summary_large_image","twitter_misc":{"Timp estimat pentru citire":"1 minut"},"schema":{"@context":"https:\/\/schema.org","@graph":[{"@type":"WebPage","@id":"https:\/\/lefkadabnb.gr\/ro\/servicii-de-inchiriere-de-barci\/","url":"https:\/\/lefkadabnb.gr\/ro\/servicii-de-inchiriere-de-barci\/","name":"Servicii de \u00eenchiriere de b\u0103rci - Lefkada Vacation Rentals 2026 - Villas - Studios - Apartments 2026","isPartOf":{"@id":"https:\/\/lefkadabnb.gr\/ro\/#website"},"primaryImageOfPage":{"@id":"https:\/\/lefkadabnb.gr\/ro\/servicii-de-inchiriere-de-barci\/#primaryimage"},"image":{"@id":"https:\/\/lefkadabnb.gr\/ro\/servicii-de-inchiriere-de-barci\/#primaryimage"},"thumbnailUrl":"https:\/\/lefkadabnb.gr\/wp-content\/uploads\/2024\/02\/boat.jpg","datePublished":"2024-02-09T10:35:35+00:00","dateModified":"2024-03-08T13:50:34+00:00","breadcrumb":{"@id":"https:\/\/lefkadabnb.gr\/ro\/servicii-de-inchiriere-de-barci\/#breadcrumb"},"inLanguage":"ro-RO","potentialAction":[{"@type":"ReadAction","target":["https:\/\/lefkadabnb.gr\/ro\/servicii-de-inchiriere-de-barci\/"]}]},{"@type":"ImageObject","inLanguage":"ro-RO","@id":"https:\/\/lefkadabnb.gr\/ro\/servicii-de-inchiriere-de-barci\/#primaryimage","url":"https:\/\/lefkadabnb.gr\/wp-content\/uploads\/2024\/02\/boat.jpg","contentUrl":"https:\/\/lefkadabnb.gr\/wp-content\/uploads\/2024\/02\/boat.jpg"},{"@type":"BreadcrumbList","@id":"https:\/\/lefkadabnb.gr\/ro\/servicii-de-inchiriere-de-barci\/#breadcrumb","itemListElement":[{"@type":"ListItem","position":1,"name":"Home","item":"https:\/\/lefkadabnb.gr\/ro\/"},{"@type":"ListItem","position":2,"name":"Servicii de \u00eenchiriere de b\u0103rci"}]},{"@type":"WebSite","@id":"https:\/\/lefkadabnb.gr\/ro\/#website","url":"https:\/\/lefkadabnb.gr\/ro\/","name":"Lefkada Vacation Rentals 2026 - Villas - Studios - Apartments 2026","description":"Lefkada Vacation Rentals 2026 - Villas - Studios - Apartments 2026","potentialAction":[{"@type":"SearchAction","target":{"@type":"EntryPoint","urlTemplate":"https:\/\/lefkadabnb.gr\/ro\/?s={search_term_string}"},"query-input":{"@type":"PropertyValueSpecification","valueRequired":true,"valueName":"search_term_string"}}],"inLanguage":"ro-RO"}]}},"_links":{"self":[{"href":"https:\/\/lefkadabnb.gr\/ro\/wp-json\/wp\/v2\/pages\/39213","targetHints":{"allow":["GET"]}}],"collection":[{"href":"https:\/\/lefkadabnb.gr\/ro\/wp-json\/wp\/v2\/pages"}],"about":[{"href":"https:\/\/lefkadabnb.gr\/ro\/wp-json\/wp\/v2\/types\/page"}],"author":[{"embeddable":true,"href":"https:\/\/lefkadabnb.gr\/ro\/wp-json\/wp\/v2\/users\/1"}],"replies":[{"embeddable":true,"href":"https:\/\/lefkadabnb.gr\/ro\/wp-json\/wp\/v2\/comments?post=39213"}],"version-history":[{"count":1,"href":"https:\/\/lefkadabnb.gr\/ro\/wp-json\/wp\/v2\/pages\/39213\/revisions"}],"predecessor-version":[{"id":39214,"href":"https:\/\/lefkadabnb.gr\/ro\/wp-json\/wp\/v2\/pages\/39213\/revisions\/39214"}],"wp:attachment":[{"href":"https:\/\/lefkadabnb.gr\/ro\/wp-json\/wp\/v2\/media?parent=39213"}],"curies":[{"name":"wp","href":"https:\/\/api.w.org\/{rel}","templated":true}]}}