{"id":39221,"date":"2024-02-09T13:51:07","date_gmt":"2024-02-09T13:51:07","guid":{"rendered":"https:\/\/lefkadabnb.gr\/coafura-si-machiaj\/"},"modified":"2024-03-08T13:56:57","modified_gmt":"2024-03-08T13:56:57","slug":"coafura-si-machiaj","status":"publish","type":"page","link":"https:\/\/lefkadabnb.gr\/ro\/coafura-si-machiaj\/","title":{"rendered":"Coafura si machiaj"},"content":{"rendered":"\t\t<div data-elementor-type=\"wp-page\" data-elementor-id=\"39221\" class=\"elementor elementor-39221 elementor-31000\" data-elementor-post-type=\"page\">\n\t\t\t\t\t\t<section class=\"elementor-section elementor-top-section elementor-element elementor-element-2aecf4d elementor-section-boxed elementor-section-height-default elementor-section-height-default\" data-id=\"2aecf4d\" data-element_type=\"section\" data-e-type=\"section\">\n\t\t\t\t\t\t<div class=\"elementor-container elementor-column-gap-default\">\n\t\t\t\t\t<div class=\"elementor-column elementor-col-100 elementor-top-column elementor-element elementor-element-243deb8\" data-id=\"243deb8\" data-element_type=\"column\" data-e-type=\"column\">\n\t\t\t<div class=\"elementor-widget-wrap elementor-element-populated\">\n\t\t\t\t\t\t<div class=\"elementor-element elementor-element-2b66f6c elementor-widget elementor-widget-text-editor\" data-id=\"2b66f6c\" data-element_type=\"widget\" data-e-type=\"widget\" data-widget_type=\"text-editor.default\">\n\t\t\t\t<div class=\"elementor-widget-container\">\n\t\t\t\t\t\t\t\t\t<p>Compania noastra va ofera cele mai bune servicii pentru vacanta pe insula. \u00cen timpul \u0219ederii dumneavoastr\u0103, va trebui s\u0103 v\u0103 re\u00eemprosp\u0103ta\u021bi coafura \u0219i machiajul pentru o ocazie special\u0103 sau orice altceva<\/p>\n<p>Cooper\u0103m cu cei mai buni coafori \u0219i make-up arti\u0219ti de pe insul\u0103 pentru a ne asigura c\u0103 ve\u021bi avea stilul care v\u0103 place \u0219i este cel mai bun pentru dvs. Un coafor personal sau un make-up artist vine in vila ta pentru a se simti confortabil si relaxat astfel incat sa eviti cautarea pe insula.<\/p>\n<p>Totul conteaz\u0103 pentru noi \u00een timpul vacan\u021bei tale \u0219i stilul t\u0103u este ceva cu adev\u0103rat important \u0219i suntem aici pentru tine cu cele mai bune servicii de coafur\u0103 \u0219i machiaj la Lefkada.<\/p>\n\t\t\t\t\t\t\t\t<\/div>\n\t\t\t\t<\/div>\n\t\t\t\t\t<\/div>\n\t\t<\/div>\n\t\t\t\t\t<\/div>\n\t\t<\/section>\n\t\t\t\t<section class=\"elementor-section elementor-top-section elementor-element elementor-element-9629cfd elementor-section-boxed elementor-section-height-default elementor-section-height-default\" data-id=\"9629cfd\" data-element_type=\"section\" data-e-type=\"section\">\n\t\t\t\t\t\t<div class=\"elementor-container elementor-column-gap-default\">\n\t\t\t\t\t<div class=\"elementor-column elementor-col-100 elementor-top-column elementor-element elementor-element-d948f0c\" data-id=\"d948f0c\" data-element_type=\"column\" data-e-type=\"column\">\n\t\t\t<div class=\"elementor-widget-wrap elementor-element-populated\">\n\t\t\t\t\t\t<div class=\"elementor-element elementor-element-e18eb6b elementor-widget elementor-widget-shortcode\" data-id=\"e18eb6b\" data-element_type=\"widget\" data-e-type=\"widget\" data-widget_type=\"shortcode.default\">\n\t\t\t\t<div class=\"elementor-widget-container\">\n\t\t\t\t\t\t\t<div class=\"elementor-shortcode\"><p class=\"wpcf7-contact-form-not-found\"><strong>Eroare:<\/strong> Nu am g\u0103sit formularul de contact.<\/p><\/div>\n\t\t\t\t\t\t<\/div>\n\t\t\t\t<\/div>\n\t\t\t\t\t<\/div>\n\t\t<\/div>\n\t\t\t\t\t<\/div>\n\t\t<\/section>\n\t\t\t\t<section class=\"elementor-section elementor-top-section elementor-element elementor-element-cb67c50 elementor-section-boxed elementor-section-height-default elementor-section-height-default\" data-id=\"cb67c50\" data-element_type=\"section\" data-e-type=\"section\">\n\t\t\t\t\t\t<div class=\"elementor-container elementor-column-gap-default\">\n\t\t\t\t\t<div class=\"elementor-column elementor-col-100 elementor-top-column elementor-element elementor-element-c1a7d50\" data-id=\"c1a7d50\" data-element_type=\"column\" data-e-type=\"column\">\n\t\t\t<div class=\"elementor-widget-wrap elementor-element-populated\">\n\t\t\t\t\t\t<div class=\"elementor-element elementor-element-43ec1b1 elementor-widget elementor-widget-image\" data-id=\"43ec1b1\" data-element_type=\"widget\" data-e-type=\"widget\" data-widget_type=\"image.default\">\n\t\t\t\t<div class=\"elementor-widget-container\">\n\t\t\t\t\t\t\t\t\t\t\t\t\t\t\t<img fetchpriority=\"high\" decoding=\"async\" width=\"1024\" height=\"615\" src=\"https:\/\/lefkadabnb.gr\/wp-content\/uploads\/2024\/02\/cars-2-1024x615.jpg\" class=\"attachment-large size-large wp-image-38101\" alt=\"\" srcset=\"https:\/\/lefkadabnb.gr\/wp-content\/uploads\/2024\/02\/cars-2-1024x615.jpg 1024w, https:\/\/lefkadabnb.gr\/wp-content\/uploads\/2024\/02\/cars-2-300x180.jpg 300w, https:\/\/lefkadabnb.gr\/wp-content\/uploads\/2024\/02\/cars-2-768x461.jpg 768w, https:\/\/lefkadabnb.gr\/wp-content\/uploads\/2024\/02\/cars-2.jpg 1260w\" sizes=\"(max-width: 1024px) 100vw, 1024px\" \/>\t\t\t\t\t\t\t\t\t\t\t\t\t\t\t<\/div>\n\t\t\t\t<\/div>\n\t\t\t\t<div class=\"elementor-element elementor-element-d076654 elementor-widget elementor-widget-image\" data-id=\"d076654\" data-element_type=\"widget\" data-e-type=\"widget\" data-widget_type=\"image.default\">\n\t\t\t\t<div class=\"elementor-widget-container\">\n\t\t\t\t\t\t\t\t\t\t\t\t\t\t\t<img decoding=\"async\" width=\"1024\" height=\"599\" src=\"https:\/\/lefkadabnb.gr\/wp-content\/uploads\/2024\/02\/personal-trainer-melekos-gimnastirio-2-1024x599.jpg\" class=\"attachment-large size-large wp-image-38104\" alt=\"\" srcset=\"https:\/\/lefkadabnb.gr\/wp-content\/uploads\/2024\/02\/personal-trainer-melekos-gimnastirio-2-1024x599.jpg 1024w, https:\/\/lefkadabnb.gr\/wp-content\/uploads\/2024\/02\/personal-trainer-melekos-gimnastirio-2-300x176.jpg 300w, https:\/\/lefkadabnb.gr\/wp-content\/uploads\/2024\/02\/personal-trainer-melekos-gimnastirio-2-768x449.jpg 768w, https:\/\/lefkadabnb.gr\/wp-content\/uploads\/2024\/02\/personal-trainer-melekos-gimnastirio-2-1536x899.jpg 1536w, https:\/\/lefkadabnb.gr\/wp-content\/uploads\/2024\/02\/personal-trainer-melekos-gimnastirio-2-2048x1198.jpg 2048w, https:\/\/lefkadabnb.gr\/wp-content\/uploads\/2024\/02\/personal-trainer-melekos-gimnastirio-2-143x83.jpg 143w\" sizes=\"(max-width: 1024px) 100vw, 1024px\" \/>\t\t\t\t\t\t\t\t\t\t\t\t\t\t\t<\/div>\n\t\t\t\t<\/div>\n\t\t\t\t\t<\/div>\n\t\t<\/div>\n\t\t\t\t\t<\/div>\n\t\t<\/section>\n\t\t\t\t<\/div>\n\t\t","protected":false},"excerpt":{"rendered":"<p>Compania noastra va ofera cele mai bune servicii pentru vacanta pe insula. \u00cen timpul \u0219ederii dumneavoastr\u0103, va trebui s\u0103 v\u0103 re\u00eemprosp\u0103ta\u021bi coafura \u0219i machiajul pentru o ocazie special\u0103 sau orice altceva Cooper\u0103m cu cei mai buni coafori \u0219i make-up arti\u0219ti de pe insul\u0103 pentru a ne asigura c\u0103 ve\u021bi avea stilul care v\u0103 place \u0219i &#8230;<\/p>\n","protected":false},"author":1,"featured_media":0,"parent":0,"menu_order":0,"comment_status":"closed","ping_status":"closed","template":"","meta":{"footnotes":""},"class_list":["post-39221","page","type-page","status-publish","hentry"],"yoast_head":"<!-- This site is optimized with the Yoast SEO plugin v27.1.1 - https:\/\/yoast.com\/product\/yoast-seo-wordpress\/ -->\n<title>Coafura si machiaj - Lefkada Vacation Rentals 2026 - Villas - Studios - Apartments 2026<\/title>\n<meta name=\"robots\" content=\"index, follow, max-snippet:-1, max-image-preview:large, max-video-preview:-1\" \/>\n<link rel=\"canonical\" href=\"https:\/\/lefkadabnb.gr\/ro\/coafura-si-machiaj\/\" \/>\n<meta property=\"og:locale\" content=\"ro_RO\" \/>\n<meta property=\"og:type\" content=\"article\" \/>\n<meta property=\"og:title\" content=\"Coafura si machiaj - Lefkada Vacation Rentals 2026 - Villas - Studios - Apartments 2026\" \/>\n<meta property=\"og:description\" content=\"Compania noastra va ofera cele mai bune servicii pentru vacanta pe insula. \u00cen timpul \u0219ederii dumneavoastr\u0103, va trebui s\u0103 v\u0103 re\u00eemprosp\u0103ta\u021bi coafura \u0219i machiajul pentru o ocazie special\u0103 sau orice altceva Cooper\u0103m cu cei mai buni coafori \u0219i make-up arti\u0219ti de pe insul\u0103 pentru a ne asigura c\u0103 ve\u021bi avea stilul care v\u0103 place \u0219i ...\" \/>\n<meta property=\"og:url\" content=\"https:\/\/lefkadabnb.gr\/ro\/coafura-si-machiaj\/\" \/>\n<meta property=\"og:site_name\" content=\"Lefkada Vacation Rentals 2026 - Villas - Studios - Apartments 2026\" \/>\n<meta property=\"article:modified_time\" content=\"2024-03-08T13:56:57+00:00\" \/>\n<meta property=\"og:image\" content=\"https:\/\/lefkadabnb.gr\/wp-content\/uploads\/2024\/02\/cars-2-1024x615.jpg\" \/>\n<meta name=\"twitter:card\" content=\"summary_large_image\" \/>\n<meta name=\"twitter:label1\" content=\"Timp estimat pentru citire\" \/>\n\t<meta name=\"twitter:data1\" content=\"1 minut\" \/>\n<script type=\"application\/ld+json\" class=\"yoast-schema-graph\">{\"@context\":\"https:\/\/schema.org\",\"@graph\":[{\"@type\":\"WebPage\",\"@id\":\"https:\/\/lefkadabnb.gr\/ro\/coafura-si-machiaj\/\",\"url\":\"https:\/\/lefkadabnb.gr\/ro\/coafura-si-machiaj\/\",\"name\":\"Coafura si machiaj - Lefkada Vacation Rentals 2026 - Villas - Studios - Apartments 2026\",\"isPartOf\":{\"@id\":\"https:\/\/lefkadabnb.gr\/ro\/#website\"},\"primaryImageOfPage\":{\"@id\":\"https:\/\/lefkadabnb.gr\/ro\/coafura-si-machiaj\/#primaryimage\"},\"image\":{\"@id\":\"https:\/\/lefkadabnb.gr\/ro\/coafura-si-machiaj\/#primaryimage\"},\"thumbnailUrl\":\"https:\/\/lefkadabnb.gr\/wp-content\/uploads\/2024\/02\/cars-2-1024x615.jpg\",\"datePublished\":\"2024-02-09T13:51:07+00:00\",\"dateModified\":\"2024-03-08T13:56:57+00:00\",\"breadcrumb\":{\"@id\":\"https:\/\/lefkadabnb.gr\/ro\/coafura-si-machiaj\/#breadcrumb\"},\"inLanguage\":\"ro-RO\",\"potentialAction\":[{\"@type\":\"ReadAction\",\"target\":[\"https:\/\/lefkadabnb.gr\/ro\/coafura-si-machiaj\/\"]}]},{\"@type\":\"ImageObject\",\"inLanguage\":\"ro-RO\",\"@id\":\"https:\/\/lefkadabnb.gr\/ro\/coafura-si-machiaj\/#primaryimage\",\"url\":\"https:\/\/lefkadabnb.gr\/wp-content\/uploads\/2024\/02\/cars-2-1024x615.jpg\",\"contentUrl\":\"https:\/\/lefkadabnb.gr\/wp-content\/uploads\/2024\/02\/cars-2-1024x615.jpg\"},{\"@type\":\"BreadcrumbList\",\"@id\":\"https:\/\/lefkadabnb.gr\/ro\/coafura-si-machiaj\/#breadcrumb\",\"itemListElement\":[{\"@type\":\"ListItem\",\"position\":1,\"name\":\"Home\",\"item\":\"https:\/\/lefkadabnb.gr\/ro\/\"},{\"@type\":\"ListItem\",\"position\":2,\"name\":\"Coafura si machiaj\"}]},{\"@type\":\"WebSite\",\"@id\":\"https:\/\/lefkadabnb.gr\/ro\/#website\",\"url\":\"https:\/\/lefkadabnb.gr\/ro\/\",\"name\":\"Lefkada Vacation Rentals 2026 - Villas - Studios - Apartments 2026\",\"description\":\"Lefkada Vacation Rentals 2026 - Villas - Studios - Apartments 2026\",\"potentialAction\":[{\"@type\":\"SearchAction\",\"target\":{\"@type\":\"EntryPoint\",\"urlTemplate\":\"https:\/\/lefkadabnb.gr\/ro\/?s={search_term_string}\"},\"query-input\":{\"@type\":\"PropertyValueSpecification\",\"valueRequired\":true,\"valueName\":\"search_term_string\"}}],\"inLanguage\":\"ro-RO\"}]}<\/script>\n<!-- \/ Yoast SEO plugin. -->","yoast_head_json":{"title":"Coafura si machiaj - Lefkada Vacation Rentals 2026 - Villas - Studios - Apartments 2026","robots":{"index":"index","follow":"follow","max-snippet":"max-snippet:-1","max-image-preview":"max-image-preview:large","max-video-preview":"max-video-preview:-1"},"canonical":"https:\/\/lefkadabnb.gr\/ro\/coafura-si-machiaj\/","og_locale":"ro_RO","og_type":"article","og_title":"Coafura si machiaj - Lefkada Vacation Rentals 2026 - Villas - Studios - Apartments 2026","og_description":"Compania noastra va ofera cele mai bune servicii pentru vacanta pe insula. \u00cen timpul \u0219ederii dumneavoastr\u0103, va trebui s\u0103 v\u0103 re\u00eemprosp\u0103ta\u021bi coafura \u0219i machiajul pentru o ocazie special\u0103 sau orice altceva Cooper\u0103m cu cei mai buni coafori \u0219i make-up arti\u0219ti de pe insul\u0103 pentru a ne asigura c\u0103 ve\u021bi avea stilul care v\u0103 place \u0219i ...","og_url":"https:\/\/lefkadabnb.gr\/ro\/coafura-si-machiaj\/","og_site_name":"Lefkada Vacation Rentals 2026 - Villas - Studios - Apartments 2026","article_modified_time":"2024-03-08T13:56:57+00:00","og_image":[{"url":"https:\/\/lefkadabnb.gr\/wp-content\/uploads\/2024\/02\/cars-2-1024x615.jpg","type":"","width":"","height":""}],"twitter_card":"summary_large_image","twitter_misc":{"Timp estimat pentru citire":"1 minut"},"schema":{"@context":"https:\/\/schema.org","@graph":[{"@type":"WebPage","@id":"https:\/\/lefkadabnb.gr\/ro\/coafura-si-machiaj\/","url":"https:\/\/lefkadabnb.gr\/ro\/coafura-si-machiaj\/","name":"Coafura si machiaj - Lefkada Vacation Rentals 2026 - Villas - Studios - Apartments 2026","isPartOf":{"@id":"https:\/\/lefkadabnb.gr\/ro\/#website"},"primaryImageOfPage":{"@id":"https:\/\/lefkadabnb.gr\/ro\/coafura-si-machiaj\/#primaryimage"},"image":{"@id":"https:\/\/lefkadabnb.gr\/ro\/coafura-si-machiaj\/#primaryimage"},"thumbnailUrl":"https:\/\/lefkadabnb.gr\/wp-content\/uploads\/2024\/02\/cars-2-1024x615.jpg","datePublished":"2024-02-09T13:51:07+00:00","dateModified":"2024-03-08T13:56:57+00:00","breadcrumb":{"@id":"https:\/\/lefkadabnb.gr\/ro\/coafura-si-machiaj\/#breadcrumb"},"inLanguage":"ro-RO","potentialAction":[{"@type":"ReadAction","target":["https:\/\/lefkadabnb.gr\/ro\/coafura-si-machiaj\/"]}]},{"@type":"ImageObject","inLanguage":"ro-RO","@id":"https:\/\/lefkadabnb.gr\/ro\/coafura-si-machiaj\/#primaryimage","url":"https:\/\/lefkadabnb.gr\/wp-content\/uploads\/2024\/02\/cars-2-1024x615.jpg","contentUrl":"https:\/\/lefkadabnb.gr\/wp-content\/uploads\/2024\/02\/cars-2-1024x615.jpg"},{"@type":"BreadcrumbList","@id":"https:\/\/lefkadabnb.gr\/ro\/coafura-si-machiaj\/#breadcrumb","itemListElement":[{"@type":"ListItem","position":1,"name":"Home","item":"https:\/\/lefkadabnb.gr\/ro\/"},{"@type":"ListItem","position":2,"name":"Coafura si machiaj"}]},{"@type":"WebSite","@id":"https:\/\/lefkadabnb.gr\/ro\/#website","url":"https:\/\/lefkadabnb.gr\/ro\/","name":"Lefkada Vacation Rentals 2026 - Villas - Studios - Apartments 2026","description":"Lefkada Vacation Rentals 2026 - Villas - Studios - Apartments 2026","potentialAction":[{"@type":"SearchAction","target":{"@type":"EntryPoint","urlTemplate":"https:\/\/lefkadabnb.gr\/ro\/?s={search_term_string}"},"query-input":{"@type":"PropertyValueSpecification","valueRequired":true,"valueName":"search_term_string"}}],"inLanguage":"ro-RO"}]}},"_links":{"self":[{"href":"https:\/\/lefkadabnb.gr\/ro\/wp-json\/wp\/v2\/pages\/39221","targetHints":{"allow":["GET"]}}],"collection":[{"href":"https:\/\/lefkadabnb.gr\/ro\/wp-json\/wp\/v2\/pages"}],"about":[{"href":"https:\/\/lefkadabnb.gr\/ro\/wp-json\/wp\/v2\/types\/page"}],"author":[{"embeddable":true,"href":"https:\/\/lefkadabnb.gr\/ro\/wp-json\/wp\/v2\/users\/1"}],"replies":[{"embeddable":true,"href":"https:\/\/lefkadabnb.gr\/ro\/wp-json\/wp\/v2\/comments?post=39221"}],"version-history":[{"count":1,"href":"https:\/\/lefkadabnb.gr\/ro\/wp-json\/wp\/v2\/pages\/39221\/revisions"}],"predecessor-version":[{"id":39222,"href":"https:\/\/lefkadabnb.gr\/ro\/wp-json\/wp\/v2\/pages\/39221\/revisions\/39222"}],"wp:attachment":[{"href":"https:\/\/lefkadabnb.gr\/ro\/wp-json\/wp\/v2\/media?parent=39221"}],"curies":[{"name":"wp","href":"https:\/\/api.w.org\/{rel}","templated":true}]}}