{"id":39225,"date":"2024-02-05T16:48:14","date_gmt":"2024-02-05T16:48:14","guid":{"rendered":"https:\/\/lefkadabnb.gr\/pre-stocarea-alimentelor\/"},"modified":"2024-03-08T13:59:49","modified_gmt":"2024-03-08T13:59:49","slug":"pre-stocarea-alimentelor","status":"publish","type":"page","link":"https:\/\/lefkadabnb.gr\/ro\/pre-stocarea-alimentelor\/","title":{"rendered":"Pre stocarea alimentelor"},"content":{"rendered":"\t\t<div data-elementor-type=\"wp-page\" data-elementor-id=\"39225\" class=\"elementor elementor-39225 elementor-30903\" data-elementor-post-type=\"page\">\n\t\t\t\t\t\t<section class=\"elementor-section elementor-top-section elementor-element elementor-element-2aecf4d elementor-section-boxed elementor-section-height-default elementor-section-height-default\" data-id=\"2aecf4d\" data-element_type=\"section\" data-e-type=\"section\">\n\t\t\t\t\t\t<div class=\"elementor-container elementor-column-gap-default\">\n\t\t\t\t\t<div class=\"elementor-column elementor-col-100 elementor-top-column elementor-element elementor-element-243deb8\" data-id=\"243deb8\" data-element_type=\"column\" data-e-type=\"column\">\n\t\t\t<div class=\"elementor-widget-wrap elementor-element-populated\">\n\t\t\t\t\t\t<div class=\"elementor-element elementor-element-2b66f6c elementor-widget elementor-widget-text-editor\" data-id=\"2b66f6c\" data-element_type=\"widget\" data-e-type=\"widget\" data-widget_type=\"text-editor.default\">\n\t\t\t\t<div class=\"elementor-widget-container\">\n\t\t\t\t\t\t\t\t\t<p>Cine vrea s\u0103-\u0219i \u00eenceap\u0103 vacan\u021ba cu cump\u0103r\u0103turi?<\/p>\n<p>\u00cen loc s\u0103 mergem direct la supermarket la sosire, v\u0103 suger\u0103m s\u0103 v\u0103 stoca\u021bi \u00een prealabil frigiderul \u0219i c\u0103mar\u0103 cu toate proviziile necesare, chiar \u00eenainte de a ajunge la vil\u0103!<\/p>\n<p>Rezerva\u021bi-v\u0103 vila de vacan\u021b\u0103 cu noi \u0219i v\u0103 vom trimite o list\u0103 de cump\u0103r\u0103turi. Echipa noastr\u0103 va cump\u0103ra lista de cump\u0103r\u0103turi furnizat\u0103 \u0219i o va livra la vil\u0103. Articolele vor fi despachetate \u0219i plasate \u00een frigider \u0219i dulapuri, astfel \u00eenc\u00e2t, atunci c\u00e2nd ajunge\u021bi, v\u0103 pute\u021bi bucura de o cea\u0219c\u0103 de ceai sau un pahar de vin r\u0103cit, pentru a \u00eencepe vacan\u021ba cu bine.<\/p>\n<p>Pentru acele vile cu un buc\u0103tar personal sau buc\u0103tar, ce ar putea fi mai bun dec\u00e2t s\u0103 ai o mas\u0103 g\u0103tit\u0103 \u00een cas\u0103 gata dup\u0103 o baie r\u0103coritoare \u00een ap\u0103 \u0219i cocktailuri la apus. V\u0103 recomand\u0103m s\u0103 precomanda\u021bi suficiente produse alimentare pentru a v\u0103 ajuta s\u0103 trece\u021bi la masa de sosire \u0219i micul dejun \u0219i pr\u00e2nzul de a doua zi. Ve\u021bi avea apoi ocazia s\u0103 v\u0103 a\u0219eza\u021bi \u00eempreun\u0103 cu buc\u0103tarul\/buc\u0103tarul dumneavoastr\u0103 pentru a elabora un plan de mas\u0103 personalizat pe durata \u0219ederii dumneavoastr\u0103.<\/p>\n\t\t\t\t\t\t\t\t<\/div>\n\t\t\t\t<\/div>\n\t\t\t\t<div class=\"elementor-element elementor-element-743aa96 elementor-widget elementor-widget-image\" data-id=\"743aa96\" data-element_type=\"widget\" data-e-type=\"widget\" data-widget_type=\"image.default\">\n\t\t\t\t<div class=\"elementor-widget-container\">\n\t\t\t\t\t\t\t\t\t\t\t\t\t\t\t<img fetchpriority=\"high\" decoding=\"async\" width=\"1024\" height=\"683\" src=\"https:\/\/lefkadabnb.gr\/wp-content\/uploads\/2024\/02\/personal-trainer-melekos-gimnastirio-3-1024x683.jpg\" class=\"attachment-large size-large wp-image-38107\" alt=\"\" srcset=\"https:\/\/lefkadabnb.gr\/wp-content\/uploads\/2024\/02\/personal-trainer-melekos-gimnastirio-3-1024x683.jpg 1024w, https:\/\/lefkadabnb.gr\/wp-content\/uploads\/2024\/02\/personal-trainer-melekos-gimnastirio-3-300x200.jpg 300w, https:\/\/lefkadabnb.gr\/wp-content\/uploads\/2024\/02\/personal-trainer-melekos-gimnastirio-3-768x512.jpg 768w, https:\/\/lefkadabnb.gr\/wp-content\/uploads\/2024\/02\/personal-trainer-melekos-gimnastirio-3-240x160.jpg 240w, https:\/\/lefkadabnb.gr\/wp-content\/uploads\/2024\/02\/personal-trainer-melekos-gimnastirio-3.jpg 1500w\" sizes=\"(max-width: 1024px) 100vw, 1024px\" \/>\t\t\t\t\t\t\t\t\t\t\t\t\t\t\t<\/div>\n\t\t\t\t<\/div>\n\t\t\t\t\t<\/div>\n\t\t<\/div>\n\t\t\t\t\t<\/div>\n\t\t<\/section>\n\t\t\t\t<section class=\"elementor-section elementor-top-section elementor-element elementor-element-9629cfd elementor-section-boxed elementor-section-height-default elementor-section-height-default\" data-id=\"9629cfd\" data-element_type=\"section\" data-e-type=\"section\">\n\t\t\t\t\t\t<div class=\"elementor-container elementor-column-gap-default\">\n\t\t\t\t\t<div class=\"elementor-column elementor-col-100 elementor-top-column elementor-element elementor-element-d948f0c\" data-id=\"d948f0c\" data-element_type=\"column\" data-e-type=\"column\">\n\t\t\t<div class=\"elementor-widget-wrap elementor-element-populated\">\n\t\t\t\t\t\t<div class=\"elementor-element elementor-element-e18eb6b elementor-widget elementor-widget-shortcode\" data-id=\"e18eb6b\" data-element_type=\"widget\" data-e-type=\"widget\" data-widget_type=\"shortcode.default\">\n\t\t\t\t<div class=\"elementor-widget-container\">\n\t\t\t\t\t\t\t<div class=\"elementor-shortcode\"><p class=\"wpcf7-contact-form-not-found\"><strong>Eroare:<\/strong> Nu am g\u0103sit formularul de contact.<\/p><\/div>\n\t\t\t\t\t\t<\/div>\n\t\t\t\t<\/div>\n\t\t\t\t\t<\/div>\n\t\t<\/div>\n\t\t\t\t\t<\/div>\n\t\t<\/section>\n\t\t\t\t<\/div>\n\t\t","protected":false},"excerpt":{"rendered":"<p>Cine vrea s\u0103-\u0219i \u00eenceap\u0103 vacan\u021ba cu cump\u0103r\u0103turi? \u00cen loc s\u0103 mergem direct la supermarket la sosire, v\u0103 suger\u0103m s\u0103 v\u0103 stoca\u021bi \u00een prealabil frigiderul \u0219i c\u0103mar\u0103 cu toate proviziile necesare, chiar \u00eenainte de a ajunge la vil\u0103! Rezerva\u021bi-v\u0103 vila de vacan\u021b\u0103 cu noi \u0219i v\u0103 vom trimite o list\u0103 de cump\u0103r\u0103turi. Echipa noastr\u0103 va cump\u0103ra &#8230;<\/p>\n","protected":false},"author":1,"featured_media":0,"parent":0,"menu_order":0,"comment_status":"closed","ping_status":"closed","template":"","meta":{"footnotes":""},"class_list":["post-39225","page","type-page","status-publish","hentry"],"yoast_head":"<!-- This site is optimized with the Yoast SEO plugin v27.1.1 - https:\/\/yoast.com\/product\/yoast-seo-wordpress\/ -->\n<title>Pre stocarea alimentelor - Lefkada Vacation Rentals 2026 - Villas - Studios - Apartments 2026<\/title>\n<meta name=\"robots\" content=\"index, follow, max-snippet:-1, max-image-preview:large, max-video-preview:-1\" \/>\n<link rel=\"canonical\" href=\"https:\/\/lefkadabnb.gr\/ro\/pre-stocarea-alimentelor\/\" \/>\n<meta property=\"og:locale\" content=\"ro_RO\" \/>\n<meta property=\"og:type\" content=\"article\" \/>\n<meta property=\"og:title\" content=\"Pre stocarea alimentelor - Lefkada Vacation Rentals 2026 - Villas - Studios - Apartments 2026\" \/>\n<meta property=\"og:description\" content=\"Cine vrea s\u0103-\u0219i \u00eenceap\u0103 vacan\u021ba cu cump\u0103r\u0103turi? \u00cen loc s\u0103 mergem direct la supermarket la sosire, v\u0103 suger\u0103m s\u0103 v\u0103 stoca\u021bi \u00een prealabil frigiderul \u0219i c\u0103mar\u0103 cu toate proviziile necesare, chiar \u00eenainte de a ajunge la vil\u0103! Rezerva\u021bi-v\u0103 vila de vacan\u021b\u0103 cu noi \u0219i v\u0103 vom trimite o list\u0103 de cump\u0103r\u0103turi. Echipa noastr\u0103 va cump\u0103ra ...\" \/>\n<meta property=\"og:url\" content=\"https:\/\/lefkadabnb.gr\/ro\/pre-stocarea-alimentelor\/\" \/>\n<meta property=\"og:site_name\" content=\"Lefkada Vacation Rentals 2026 - Villas - Studios - Apartments 2026\" \/>\n<meta property=\"article:modified_time\" content=\"2024-03-08T13:59:49+00:00\" \/>\n<meta property=\"og:image\" content=\"https:\/\/lefkadabnb.gr\/wp-content\/uploads\/2024\/02\/personal-trainer-melekos-gimnastirio-3-1024x683.jpg\" \/>\n<meta name=\"twitter:card\" content=\"summary_large_image\" \/>\n<meta name=\"twitter:label1\" content=\"Timp estimat pentru citire\" \/>\n\t<meta name=\"twitter:data1\" content=\"1 minut\" \/>\n<script type=\"application\/ld+json\" class=\"yoast-schema-graph\">{\"@context\":\"https:\/\/schema.org\",\"@graph\":[{\"@type\":\"WebPage\",\"@id\":\"https:\/\/lefkadabnb.gr\/ro\/pre-stocarea-alimentelor\/\",\"url\":\"https:\/\/lefkadabnb.gr\/ro\/pre-stocarea-alimentelor\/\",\"name\":\"Pre stocarea alimentelor - Lefkada Vacation Rentals 2026 - Villas - Studios - Apartments 2026\",\"isPartOf\":{\"@id\":\"https:\/\/lefkadabnb.gr\/ro\/#website\"},\"primaryImageOfPage\":{\"@id\":\"https:\/\/lefkadabnb.gr\/ro\/pre-stocarea-alimentelor\/#primaryimage\"},\"image\":{\"@id\":\"https:\/\/lefkadabnb.gr\/ro\/pre-stocarea-alimentelor\/#primaryimage\"},\"thumbnailUrl\":\"https:\/\/lefkadabnb.gr\/wp-content\/uploads\/2024\/02\/personal-trainer-melekos-gimnastirio-3-1024x683.jpg\",\"datePublished\":\"2024-02-05T16:48:14+00:00\",\"dateModified\":\"2024-03-08T13:59:49+00:00\",\"breadcrumb\":{\"@id\":\"https:\/\/lefkadabnb.gr\/ro\/pre-stocarea-alimentelor\/#breadcrumb\"},\"inLanguage\":\"ro-RO\",\"potentialAction\":[{\"@type\":\"ReadAction\",\"target\":[\"https:\/\/lefkadabnb.gr\/ro\/pre-stocarea-alimentelor\/\"]}]},{\"@type\":\"ImageObject\",\"inLanguage\":\"ro-RO\",\"@id\":\"https:\/\/lefkadabnb.gr\/ro\/pre-stocarea-alimentelor\/#primaryimage\",\"url\":\"https:\/\/lefkadabnb.gr\/wp-content\/uploads\/2024\/02\/personal-trainer-melekos-gimnastirio-3-1024x683.jpg\",\"contentUrl\":\"https:\/\/lefkadabnb.gr\/wp-content\/uploads\/2024\/02\/personal-trainer-melekos-gimnastirio-3-1024x683.jpg\"},{\"@type\":\"BreadcrumbList\",\"@id\":\"https:\/\/lefkadabnb.gr\/ro\/pre-stocarea-alimentelor\/#breadcrumb\",\"itemListElement\":[{\"@type\":\"ListItem\",\"position\":1,\"name\":\"Home\",\"item\":\"https:\/\/lefkadabnb.gr\/ro\/\"},{\"@type\":\"ListItem\",\"position\":2,\"name\":\"Pre stocarea alimentelor\"}]},{\"@type\":\"WebSite\",\"@id\":\"https:\/\/lefkadabnb.gr\/ro\/#website\",\"url\":\"https:\/\/lefkadabnb.gr\/ro\/\",\"name\":\"Lefkada Vacation Rentals 2026 - Villas - Studios - Apartments 2026\",\"description\":\"Lefkada Vacation Rentals 2026 - Villas - Studios - Apartments 2026\",\"potentialAction\":[{\"@type\":\"SearchAction\",\"target\":{\"@type\":\"EntryPoint\",\"urlTemplate\":\"https:\/\/lefkadabnb.gr\/ro\/?s={search_term_string}\"},\"query-input\":{\"@type\":\"PropertyValueSpecification\",\"valueRequired\":true,\"valueName\":\"search_term_string\"}}],\"inLanguage\":\"ro-RO\"}]}<\/script>\n<!-- \/ Yoast SEO plugin. -->","yoast_head_json":{"title":"Pre stocarea alimentelor - Lefkada Vacation Rentals 2026 - Villas - Studios - Apartments 2026","robots":{"index":"index","follow":"follow","max-snippet":"max-snippet:-1","max-image-preview":"max-image-preview:large","max-video-preview":"max-video-preview:-1"},"canonical":"https:\/\/lefkadabnb.gr\/ro\/pre-stocarea-alimentelor\/","og_locale":"ro_RO","og_type":"article","og_title":"Pre stocarea alimentelor - Lefkada Vacation Rentals 2026 - Villas - Studios - Apartments 2026","og_description":"Cine vrea s\u0103-\u0219i \u00eenceap\u0103 vacan\u021ba cu cump\u0103r\u0103turi? \u00cen loc s\u0103 mergem direct la supermarket la sosire, v\u0103 suger\u0103m s\u0103 v\u0103 stoca\u021bi \u00een prealabil frigiderul \u0219i c\u0103mar\u0103 cu toate proviziile necesare, chiar \u00eenainte de a ajunge la vil\u0103! Rezerva\u021bi-v\u0103 vila de vacan\u021b\u0103 cu noi \u0219i v\u0103 vom trimite o list\u0103 de cump\u0103r\u0103turi. Echipa noastr\u0103 va cump\u0103ra ...","og_url":"https:\/\/lefkadabnb.gr\/ro\/pre-stocarea-alimentelor\/","og_site_name":"Lefkada Vacation Rentals 2026 - Villas - Studios - Apartments 2026","article_modified_time":"2024-03-08T13:59:49+00:00","og_image":[{"url":"https:\/\/lefkadabnb.gr\/wp-content\/uploads\/2024\/02\/personal-trainer-melekos-gimnastirio-3-1024x683.jpg","type":"","width":"","height":""}],"twitter_card":"summary_large_image","twitter_misc":{"Timp estimat pentru citire":"1 minut"},"schema":{"@context":"https:\/\/schema.org","@graph":[{"@type":"WebPage","@id":"https:\/\/lefkadabnb.gr\/ro\/pre-stocarea-alimentelor\/","url":"https:\/\/lefkadabnb.gr\/ro\/pre-stocarea-alimentelor\/","name":"Pre stocarea alimentelor - Lefkada Vacation Rentals 2026 - Villas - Studios - Apartments 2026","isPartOf":{"@id":"https:\/\/lefkadabnb.gr\/ro\/#website"},"primaryImageOfPage":{"@id":"https:\/\/lefkadabnb.gr\/ro\/pre-stocarea-alimentelor\/#primaryimage"},"image":{"@id":"https:\/\/lefkadabnb.gr\/ro\/pre-stocarea-alimentelor\/#primaryimage"},"thumbnailUrl":"https:\/\/lefkadabnb.gr\/wp-content\/uploads\/2024\/02\/personal-trainer-melekos-gimnastirio-3-1024x683.jpg","datePublished":"2024-02-05T16:48:14+00:00","dateModified":"2024-03-08T13:59:49+00:00","breadcrumb":{"@id":"https:\/\/lefkadabnb.gr\/ro\/pre-stocarea-alimentelor\/#breadcrumb"},"inLanguage":"ro-RO","potentialAction":[{"@type":"ReadAction","target":["https:\/\/lefkadabnb.gr\/ro\/pre-stocarea-alimentelor\/"]}]},{"@type":"ImageObject","inLanguage":"ro-RO","@id":"https:\/\/lefkadabnb.gr\/ro\/pre-stocarea-alimentelor\/#primaryimage","url":"https:\/\/lefkadabnb.gr\/wp-content\/uploads\/2024\/02\/personal-trainer-melekos-gimnastirio-3-1024x683.jpg","contentUrl":"https:\/\/lefkadabnb.gr\/wp-content\/uploads\/2024\/02\/personal-trainer-melekos-gimnastirio-3-1024x683.jpg"},{"@type":"BreadcrumbList","@id":"https:\/\/lefkadabnb.gr\/ro\/pre-stocarea-alimentelor\/#breadcrumb","itemListElement":[{"@type":"ListItem","position":1,"name":"Home","item":"https:\/\/lefkadabnb.gr\/ro\/"},{"@type":"ListItem","position":2,"name":"Pre stocarea alimentelor"}]},{"@type":"WebSite","@id":"https:\/\/lefkadabnb.gr\/ro\/#website","url":"https:\/\/lefkadabnb.gr\/ro\/","name":"Lefkada Vacation Rentals 2026 - Villas - Studios - Apartments 2026","description":"Lefkada Vacation Rentals 2026 - Villas - Studios - Apartments 2026","potentialAction":[{"@type":"SearchAction","target":{"@type":"EntryPoint","urlTemplate":"https:\/\/lefkadabnb.gr\/ro\/?s={search_term_string}"},"query-input":{"@type":"PropertyValueSpecification","valueRequired":true,"valueName":"search_term_string"}}],"inLanguage":"ro-RO"}]}},"_links":{"self":[{"href":"https:\/\/lefkadabnb.gr\/ro\/wp-json\/wp\/v2\/pages\/39225","targetHints":{"allow":["GET"]}}],"collection":[{"href":"https:\/\/lefkadabnb.gr\/ro\/wp-json\/wp\/v2\/pages"}],"about":[{"href":"https:\/\/lefkadabnb.gr\/ro\/wp-json\/wp\/v2\/types\/page"}],"author":[{"embeddable":true,"href":"https:\/\/lefkadabnb.gr\/ro\/wp-json\/wp\/v2\/users\/1"}],"replies":[{"embeddable":true,"href":"https:\/\/lefkadabnb.gr\/ro\/wp-json\/wp\/v2\/comments?post=39225"}],"version-history":[{"count":1,"href":"https:\/\/lefkadabnb.gr\/ro\/wp-json\/wp\/v2\/pages\/39225\/revisions"}],"predecessor-version":[{"id":39226,"href":"https:\/\/lefkadabnb.gr\/ro\/wp-json\/wp\/v2\/pages\/39225\/revisions\/39226"}],"wp:attachment":[{"href":"https:\/\/lefkadabnb.gr\/ro\/wp-json\/wp\/v2\/media?parent=39225"}],"curies":[{"name":"wp","href":"https:\/\/api.w.org\/{rel}","templated":true}]}}