{"id":39229,"date":"2024-02-09T11:24:39","date_gmt":"2024-02-09T11:24:39","guid":{"rendered":"https:\/\/lefkadabnb.gr\/bucatar-privat-si-lectii-de-gatit\/"},"modified":"2024-03-08T14:02:14","modified_gmt":"2024-03-08T14:02:14","slug":"bucatar-privat-si-lectii-de-gatit","status":"publish","type":"page","link":"https:\/\/lefkadabnb.gr\/ro\/bucatar-privat-si-lectii-de-gatit\/","title":{"rendered":"Buc\u0103tar privat \u0219i lec\u021bii de g\u0103tit"},"content":{"rendered":"\t\t<div data-elementor-type=\"wp-page\" data-elementor-id=\"39229\" class=\"elementor elementor-39229 elementor-30969\" data-elementor-post-type=\"page\">\n\t\t\t\t\t\t<section class=\"elementor-section elementor-top-section elementor-element elementor-element-2aecf4d elementor-section-boxed elementor-section-height-default elementor-section-height-default\" data-id=\"2aecf4d\" data-element_type=\"section\" data-e-type=\"section\">\n\t\t\t\t\t\t<div class=\"elementor-container elementor-column-gap-default\">\n\t\t\t\t\t<div class=\"elementor-column elementor-col-100 elementor-top-column elementor-element elementor-element-243deb8\" data-id=\"243deb8\" data-element_type=\"column\" data-e-type=\"column\">\n\t\t\t<div class=\"elementor-widget-wrap elementor-element-populated\">\n\t\t\t\t\t\t<div class=\"elementor-element elementor-element-2b66f6c elementor-widget elementor-widget-text-editor\" data-id=\"2b66f6c\" data-element_type=\"widget\" data-e-type=\"widget\" data-widget_type=\"text-editor.default\">\n\t\t\t\t<div class=\"elementor-widget-container\">\n\t\t\t\t\t\t\t\t\t<p>Ce modalitate mai bun\u0103 de a v\u0103 asigura c\u0103 v\u0103 relaxa\u021bi complet \u00een timpul vacan\u021bei dec\u00e2t s\u0103 ave\u021bi un buc\u0103tar profesionist \u00een vila dumneavoastr\u0103!<\/p>\n<p>Partenerii no\u0219tri au o echip\u0103 de buc\u0103tari priva\u021bi atent selec\u021biona\u021bi, gata s\u0103 se potriveasc\u0103 oric\u0103rui gust, asigur\u00e2nd mese de cea mai \u00eenalt\u0103 calitate pentru sejurul dumneavoastr\u0103. Buc\u0103tarul buc\u0103tar va lucra cu dvs. pentru a planifica meniurile, \u021bin\u00e2nd cont de orice cerin\u021be dietetice speciale.<\/p>\n<p>Buc\u0103tarii vor g\u0103ti orice solicita\u021bi \u00een mod special sau v\u0103 pot oferi propriile meniuri din care s\u0103 alege\u021bi \u2013 pute\u021bi avea c\u00e2t de mult sau c\u00e2t de pu\u021bin a\u021bi dori. Ei au apelat la produc\u0103tori locali pentru a selecta cele mai bune produse din regiune \u0219i pentru a le combina pentru a crea numai cele mai bune m\u00e2nc\u0103ruri, r\u0103m\u00e2n\u00e2nd fideli misiunii noastre de a oferi oaspe\u021bilor no\u0219tri o experien\u021b\u0103 autentic\u0103. M\u00e2ncare delicioas\u0103, creat\u0103 din m\u00e2nc\u0103ruri proaspete, durabile, organice, legume \u0219i fructe combinate cu cele mai bune condimente \u0219i ingrediente importate din toat\u0103 Grecia \u0219i Marea Mediteran\u0103.<\/p>\n<p>&nbsp;<\/p>\n<p>De asemenea, v\u0103 pot oferi lec\u021bii de g\u0103tit \u0219i v\u0103 pot \u00eemp\u0103rt\u0103\u0219i cele mai bune sfaturi pentru a afla secretele unor re\u021bete delicioase \u0219i unice.<\/p>\n\t\t\t\t\t\t\t\t<\/div>\n\t\t\t\t<\/div>\n\t\t\t\t<div class=\"elementor-element elementor-element-46cbb78 elementor-widget elementor-widget-image\" data-id=\"46cbb78\" data-element_type=\"widget\" data-e-type=\"widget\" data-widget_type=\"image.default\">\n\t\t\t\t<div class=\"elementor-widget-container\">\n\t\t\t\t\t\t\t\t\t\t\t\t\t\t\t<img fetchpriority=\"high\" decoding=\"async\" width=\"736\" height=\"552\" src=\"https:\/\/lefkadabnb.gr\/wp-content\/uploads\/2024\/02\/chef-mageiras-2.jpg.webp\" class=\"attachment-large size-large wp-image-38086\" alt=\"\" srcset=\"https:\/\/lefkadabnb.gr\/wp-content\/uploads\/2024\/02\/chef-mageiras-2.jpg.webp 736w, https:\/\/lefkadabnb.gr\/wp-content\/uploads\/2024\/02\/chef-mageiras-2.jpg-300x225.webp 300w\" sizes=\"(max-width: 736px) 100vw, 736px\" \/>\t\t\t\t\t\t\t\t\t\t\t\t\t\t\t<\/div>\n\t\t\t\t<\/div>\n\t\t\t\t\t<\/div>\n\t\t<\/div>\n\t\t\t\t\t<\/div>\n\t\t<\/section>\n\t\t\t\t<section class=\"elementor-section elementor-top-section elementor-element elementor-element-9629cfd elementor-section-boxed elementor-section-height-default elementor-section-height-default\" data-id=\"9629cfd\" data-element_type=\"section\" data-e-type=\"section\">\n\t\t\t\t\t\t<div class=\"elementor-container elementor-column-gap-default\">\n\t\t\t\t\t<div class=\"elementor-column elementor-col-100 elementor-top-column elementor-element elementor-element-d948f0c\" data-id=\"d948f0c\" data-element_type=\"column\" data-e-type=\"column\">\n\t\t\t<div class=\"elementor-widget-wrap elementor-element-populated\">\n\t\t\t\t\t\t<div class=\"elementor-element elementor-element-e18eb6b elementor-widget elementor-widget-shortcode\" data-id=\"e18eb6b\" data-element_type=\"widget\" data-e-type=\"widget\" data-widget_type=\"shortcode.default\">\n\t\t\t\t<div class=\"elementor-widget-container\">\n\t\t\t\t\t\t\t<div class=\"elementor-shortcode\"><p class=\"wpcf7-contact-form-not-found\"><strong>Eroare:<\/strong> Nu am g\u0103sit formularul de contact.<\/p><\/div>\n\t\t\t\t\t\t<\/div>\n\t\t\t\t<\/div>\n\t\t\t\t\t<\/div>\n\t\t<\/div>\n\t\t\t\t\t<\/div>\n\t\t<\/section>\n\t\t\t\t<\/div>\n\t\t","protected":false},"excerpt":{"rendered":"<p>Ce modalitate mai bun\u0103 de a v\u0103 asigura c\u0103 v\u0103 relaxa\u021bi complet \u00een timpul vacan\u021bei dec\u00e2t s\u0103 ave\u021bi un buc\u0103tar profesionist \u00een vila dumneavoastr\u0103! Partenerii no\u0219tri au o echip\u0103 de buc\u0103tari priva\u021bi atent selec\u021biona\u021bi, gata s\u0103 se potriveasc\u0103 oric\u0103rui gust, asigur\u00e2nd mese de cea mai \u00eenalt\u0103 calitate pentru sejurul dumneavoastr\u0103. Buc\u0103tarul buc\u0103tar va lucra cu &#8230;<\/p>\n","protected":false},"author":1,"featured_media":0,"parent":0,"menu_order":0,"comment_status":"closed","ping_status":"closed","template":"","meta":{"footnotes":""},"class_list":["post-39229","page","type-page","status-publish","hentry"],"yoast_head":"<!-- This site is optimized with the Yoast SEO plugin v27.1.1 - https:\/\/yoast.com\/product\/yoast-seo-wordpress\/ -->\n<title>Buc\u0103tar privat \u0219i lec\u021bii de g\u0103tit - Lefkada Vacation Rentals 2026 - Villas - Studios - Apartments 2026<\/title>\n<meta name=\"robots\" content=\"index, follow, max-snippet:-1, max-image-preview:large, max-video-preview:-1\" \/>\n<link rel=\"canonical\" href=\"https:\/\/lefkadabnb.gr\/ro\/bucatar-privat-si-lectii-de-gatit\/\" \/>\n<meta property=\"og:locale\" content=\"ro_RO\" \/>\n<meta property=\"og:type\" content=\"article\" \/>\n<meta property=\"og:title\" content=\"Buc\u0103tar privat \u0219i lec\u021bii de g\u0103tit - Lefkada Vacation Rentals 2026 - Villas - Studios - Apartments 2026\" \/>\n<meta property=\"og:description\" content=\"Ce modalitate mai bun\u0103 de a v\u0103 asigura c\u0103 v\u0103 relaxa\u021bi complet \u00een timpul vacan\u021bei dec\u00e2t s\u0103 ave\u021bi un buc\u0103tar profesionist \u00een vila dumneavoastr\u0103! Partenerii no\u0219tri au o echip\u0103 de buc\u0103tari priva\u021bi atent selec\u021biona\u021bi, gata s\u0103 se potriveasc\u0103 oric\u0103rui gust, asigur\u00e2nd mese de cea mai \u00eenalt\u0103 calitate pentru sejurul dumneavoastr\u0103. Buc\u0103tarul buc\u0103tar va lucra cu ...\" \/>\n<meta property=\"og:url\" content=\"https:\/\/lefkadabnb.gr\/ro\/bucatar-privat-si-lectii-de-gatit\/\" \/>\n<meta property=\"og:site_name\" content=\"Lefkada Vacation Rentals 2026 - Villas - Studios - Apartments 2026\" \/>\n<meta property=\"article:modified_time\" content=\"2024-03-08T14:02:14+00:00\" \/>\n<meta property=\"og:image\" content=\"https:\/\/lefkadabnb.gr\/wp-content\/uploads\/2024\/02\/chef-mageiras-2.jpg.webp\" \/>\n<meta name=\"twitter:card\" content=\"summary_large_image\" \/>\n<meta name=\"twitter:label1\" content=\"Timp estimat pentru citire\" \/>\n\t<meta name=\"twitter:data1\" content=\"1 minut\" \/>\n<script type=\"application\/ld+json\" class=\"yoast-schema-graph\">{\"@context\":\"https:\/\/schema.org\",\"@graph\":[{\"@type\":\"WebPage\",\"@id\":\"https:\/\/lefkadabnb.gr\/ro\/bucatar-privat-si-lectii-de-gatit\/\",\"url\":\"https:\/\/lefkadabnb.gr\/ro\/bucatar-privat-si-lectii-de-gatit\/\",\"name\":\"Buc\u0103tar privat \u0219i lec\u021bii de g\u0103tit - Lefkada Vacation Rentals 2026 - Villas - Studios - Apartments 2026\",\"isPartOf\":{\"@id\":\"https:\/\/lefkadabnb.gr\/ro\/#website\"},\"primaryImageOfPage\":{\"@id\":\"https:\/\/lefkadabnb.gr\/ro\/bucatar-privat-si-lectii-de-gatit\/#primaryimage\"},\"image\":{\"@id\":\"https:\/\/lefkadabnb.gr\/ro\/bucatar-privat-si-lectii-de-gatit\/#primaryimage\"},\"thumbnailUrl\":\"https:\/\/lefkadabnb.gr\/wp-content\/uploads\/2024\/02\/chef-mageiras-2.jpg.webp\",\"datePublished\":\"2024-02-09T11:24:39+00:00\",\"dateModified\":\"2024-03-08T14:02:14+00:00\",\"breadcrumb\":{\"@id\":\"https:\/\/lefkadabnb.gr\/ro\/bucatar-privat-si-lectii-de-gatit\/#breadcrumb\"},\"inLanguage\":\"ro-RO\",\"potentialAction\":[{\"@type\":\"ReadAction\",\"target\":[\"https:\/\/lefkadabnb.gr\/ro\/bucatar-privat-si-lectii-de-gatit\/\"]}]},{\"@type\":\"ImageObject\",\"inLanguage\":\"ro-RO\",\"@id\":\"https:\/\/lefkadabnb.gr\/ro\/bucatar-privat-si-lectii-de-gatit\/#primaryimage\",\"url\":\"https:\/\/lefkadabnb.gr\/wp-content\/uploads\/2024\/02\/chef-mageiras-2.jpg.webp\",\"contentUrl\":\"https:\/\/lefkadabnb.gr\/wp-content\/uploads\/2024\/02\/chef-mageiras-2.jpg.webp\"},{\"@type\":\"BreadcrumbList\",\"@id\":\"https:\/\/lefkadabnb.gr\/ro\/bucatar-privat-si-lectii-de-gatit\/#breadcrumb\",\"itemListElement\":[{\"@type\":\"ListItem\",\"position\":1,\"name\":\"Home\",\"item\":\"https:\/\/lefkadabnb.gr\/ro\/\"},{\"@type\":\"ListItem\",\"position\":2,\"name\":\"Buc\u0103tar privat \u0219i lec\u021bii de g\u0103tit\"}]},{\"@type\":\"WebSite\",\"@id\":\"https:\/\/lefkadabnb.gr\/ro\/#website\",\"url\":\"https:\/\/lefkadabnb.gr\/ro\/\",\"name\":\"Lefkada Vacation Rentals 2026 - Villas - Studios - Apartments 2026\",\"description\":\"Lefkada Vacation Rentals 2026 - Villas - Studios - Apartments 2026\",\"potentialAction\":[{\"@type\":\"SearchAction\",\"target\":{\"@type\":\"EntryPoint\",\"urlTemplate\":\"https:\/\/lefkadabnb.gr\/ro\/?s={search_term_string}\"},\"query-input\":{\"@type\":\"PropertyValueSpecification\",\"valueRequired\":true,\"valueName\":\"search_term_string\"}}],\"inLanguage\":\"ro-RO\"}]}<\/script>\n<!-- \/ Yoast SEO plugin. -->","yoast_head_json":{"title":"Buc\u0103tar privat \u0219i lec\u021bii de g\u0103tit - Lefkada Vacation Rentals 2026 - Villas - Studios - Apartments 2026","robots":{"index":"index","follow":"follow","max-snippet":"max-snippet:-1","max-image-preview":"max-image-preview:large","max-video-preview":"max-video-preview:-1"},"canonical":"https:\/\/lefkadabnb.gr\/ro\/bucatar-privat-si-lectii-de-gatit\/","og_locale":"ro_RO","og_type":"article","og_title":"Buc\u0103tar privat \u0219i lec\u021bii de g\u0103tit - Lefkada Vacation Rentals 2026 - Villas - Studios - Apartments 2026","og_description":"Ce modalitate mai bun\u0103 de a v\u0103 asigura c\u0103 v\u0103 relaxa\u021bi complet \u00een timpul vacan\u021bei dec\u00e2t s\u0103 ave\u021bi un buc\u0103tar profesionist \u00een vila dumneavoastr\u0103! Partenerii no\u0219tri au o echip\u0103 de buc\u0103tari priva\u021bi atent selec\u021biona\u021bi, gata s\u0103 se potriveasc\u0103 oric\u0103rui gust, asigur\u00e2nd mese de cea mai \u00eenalt\u0103 calitate pentru sejurul dumneavoastr\u0103. Buc\u0103tarul buc\u0103tar va lucra cu ...","og_url":"https:\/\/lefkadabnb.gr\/ro\/bucatar-privat-si-lectii-de-gatit\/","og_site_name":"Lefkada Vacation Rentals 2026 - Villas - Studios - Apartments 2026","article_modified_time":"2024-03-08T14:02:14+00:00","og_image":[{"url":"https:\/\/lefkadabnb.gr\/wp-content\/uploads\/2024\/02\/chef-mageiras-2.jpg.webp","type":"","width":"","height":""}],"twitter_card":"summary_large_image","twitter_misc":{"Timp estimat pentru citire":"1 minut"},"schema":{"@context":"https:\/\/schema.org","@graph":[{"@type":"WebPage","@id":"https:\/\/lefkadabnb.gr\/ro\/bucatar-privat-si-lectii-de-gatit\/","url":"https:\/\/lefkadabnb.gr\/ro\/bucatar-privat-si-lectii-de-gatit\/","name":"Buc\u0103tar privat \u0219i lec\u021bii de g\u0103tit - Lefkada Vacation Rentals 2026 - Villas - Studios - Apartments 2026","isPartOf":{"@id":"https:\/\/lefkadabnb.gr\/ro\/#website"},"primaryImageOfPage":{"@id":"https:\/\/lefkadabnb.gr\/ro\/bucatar-privat-si-lectii-de-gatit\/#primaryimage"},"image":{"@id":"https:\/\/lefkadabnb.gr\/ro\/bucatar-privat-si-lectii-de-gatit\/#primaryimage"},"thumbnailUrl":"https:\/\/lefkadabnb.gr\/wp-content\/uploads\/2024\/02\/chef-mageiras-2.jpg.webp","datePublished":"2024-02-09T11:24:39+00:00","dateModified":"2024-03-08T14:02:14+00:00","breadcrumb":{"@id":"https:\/\/lefkadabnb.gr\/ro\/bucatar-privat-si-lectii-de-gatit\/#breadcrumb"},"inLanguage":"ro-RO","potentialAction":[{"@type":"ReadAction","target":["https:\/\/lefkadabnb.gr\/ro\/bucatar-privat-si-lectii-de-gatit\/"]}]},{"@type":"ImageObject","inLanguage":"ro-RO","@id":"https:\/\/lefkadabnb.gr\/ro\/bucatar-privat-si-lectii-de-gatit\/#primaryimage","url":"https:\/\/lefkadabnb.gr\/wp-content\/uploads\/2024\/02\/chef-mageiras-2.jpg.webp","contentUrl":"https:\/\/lefkadabnb.gr\/wp-content\/uploads\/2024\/02\/chef-mageiras-2.jpg.webp"},{"@type":"BreadcrumbList","@id":"https:\/\/lefkadabnb.gr\/ro\/bucatar-privat-si-lectii-de-gatit\/#breadcrumb","itemListElement":[{"@type":"ListItem","position":1,"name":"Home","item":"https:\/\/lefkadabnb.gr\/ro\/"},{"@type":"ListItem","position":2,"name":"Buc\u0103tar privat \u0219i lec\u021bii de g\u0103tit"}]},{"@type":"WebSite","@id":"https:\/\/lefkadabnb.gr\/ro\/#website","url":"https:\/\/lefkadabnb.gr\/ro\/","name":"Lefkada Vacation Rentals 2026 - Villas - Studios - Apartments 2026","description":"Lefkada Vacation Rentals 2026 - Villas - Studios - Apartments 2026","potentialAction":[{"@type":"SearchAction","target":{"@type":"EntryPoint","urlTemplate":"https:\/\/lefkadabnb.gr\/ro\/?s={search_term_string}"},"query-input":{"@type":"PropertyValueSpecification","valueRequired":true,"valueName":"search_term_string"}}],"inLanguage":"ro-RO"}]}},"_links":{"self":[{"href":"https:\/\/lefkadabnb.gr\/ro\/wp-json\/wp\/v2\/pages\/39229","targetHints":{"allow":["GET"]}}],"collection":[{"href":"https:\/\/lefkadabnb.gr\/ro\/wp-json\/wp\/v2\/pages"}],"about":[{"href":"https:\/\/lefkadabnb.gr\/ro\/wp-json\/wp\/v2\/types\/page"}],"author":[{"embeddable":true,"href":"https:\/\/lefkadabnb.gr\/ro\/wp-json\/wp\/v2\/users\/1"}],"replies":[{"embeddable":true,"href":"https:\/\/lefkadabnb.gr\/ro\/wp-json\/wp\/v2\/comments?post=39229"}],"version-history":[{"count":1,"href":"https:\/\/lefkadabnb.gr\/ro\/wp-json\/wp\/v2\/pages\/39229\/revisions"}],"predecessor-version":[{"id":39230,"href":"https:\/\/lefkadabnb.gr\/ro\/wp-json\/wp\/v2\/pages\/39229\/revisions\/39230"}],"wp:attachment":[{"href":"https:\/\/lefkadabnb.gr\/ro\/wp-json\/wp\/v2\/media?parent=39229"}],"curies":[{"name":"wp","href":"https:\/\/api.w.org\/{rel}","templated":true}]}}