{"id":39233,"date":"2024-02-09T11:10:36","date_gmt":"2024-02-09T11:10:36","guid":{"rendered":"https:\/\/lefkadabnb.gr\/servicii-de-transfer-privat\/"},"modified":"2024-03-08T14:06:19","modified_gmt":"2024-03-08T14:06:19","slug":"servicii-de-transfer-privat","status":"publish","type":"page","link":"https:\/\/lefkadabnb.gr\/ro\/servicii-de-transfer-privat\/","title":{"rendered":"Servicii de transfer privat"},"content":{"rendered":"\t\t<div data-elementor-type=\"wp-page\" data-elementor-id=\"39233\" class=\"elementor elementor-39233 elementor-30954\" data-elementor-post-type=\"page\">\n\t\t\t\t\t\t<section class=\"elementor-section elementor-top-section elementor-element elementor-element-2aecf4d elementor-section-boxed elementor-section-height-default elementor-section-height-default\" data-id=\"2aecf4d\" data-element_type=\"section\" data-e-type=\"section\">\n\t\t\t\t\t\t<div class=\"elementor-container elementor-column-gap-default\">\n\t\t\t\t\t<div class=\"elementor-column elementor-col-100 elementor-top-column elementor-element elementor-element-243deb8\" data-id=\"243deb8\" data-element_type=\"column\" data-e-type=\"column\">\n\t\t\t<div class=\"elementor-widget-wrap elementor-element-populated\">\n\t\t\t\t\t\t<div class=\"elementor-element elementor-element-2b66f6c elementor-widget elementor-widget-text-editor\" data-id=\"2b66f6c\" data-element_type=\"widget\" data-e-type=\"widget\" data-widget_type=\"text-editor.default\">\n\t\t\t\t<div class=\"elementor-widget-container\">\n\t\t\t\t\t\t\t\t\t<p>V\u0103 putem face sosirea \u0219i plecarea f\u0103r\u0103 probleme \u0219i confortabile. Echipa noastr\u0103 v\u0103 va aranja o experien\u021b\u0103 de transfer impecabil\u0103. Acest serviciu personalizat \u0219i privat este disponibil pentru fiecare aeroport sau port de care ai putea avea nevoie.<\/p>\n<p>De asemenea, partenerii no\u0219tri v\u0103 pot duce f\u0103r\u0103 efort la plaj\u0103, la restaurant, la clubul ales de dvs. sau oriunde dori\u021bi.<\/p>\n<p>Pot fi organizate excursii de o zi \u2013 excursii de jum\u0103tate de zi sau de o zi \u00eentreag\u0103 \u2013 la monumente istorice, m\u0103n\u0103stiri, puncte de interes \u0219i atrac\u021bii importante ale Greciei, \u00een func\u021bie de nevoile dumneavoastr\u0103.<\/p>\n\t\t\t\t\t\t\t\t<\/div>\n\t\t\t\t<\/div>\n\t\t\t\t\t<\/div>\n\t\t<\/div>\n\t\t\t\t\t<\/div>\n\t\t<\/section>\n\t\t\t\t<section class=\"elementor-section elementor-top-section elementor-element elementor-element-9629cfd elementor-section-boxed elementor-section-height-default elementor-section-height-default\" data-id=\"9629cfd\" data-element_type=\"section\" data-e-type=\"section\">\n\t\t\t\t\t\t<div class=\"elementor-container elementor-column-gap-default\">\n\t\t\t\t\t<div class=\"elementor-column elementor-col-100 elementor-top-column elementor-element elementor-element-d948f0c\" data-id=\"d948f0c\" data-element_type=\"column\" data-e-type=\"column\">\n\t\t\t<div class=\"elementor-widget-wrap elementor-element-populated\">\n\t\t\t\t\t\t<div class=\"elementor-element elementor-element-e18eb6b elementor-widget elementor-widget-shortcode\" data-id=\"e18eb6b\" data-element_type=\"widget\" data-e-type=\"widget\" data-widget_type=\"shortcode.default\">\n\t\t\t\t<div class=\"elementor-widget-container\">\n\t\t\t\t\t\t\t<div class=\"elementor-shortcode\"><p class=\"wpcf7-contact-form-not-found\"><strong>Eroare:<\/strong> Nu am g\u0103sit formularul de contact.<\/p><\/div>\n\t\t\t\t\t\t<\/div>\n\t\t\t\t<\/div>\n\t\t\t\t\t<\/div>\n\t\t<\/div>\n\t\t\t\t\t<\/div>\n\t\t<\/section>\n\t\t\t\t<section class=\"elementor-section elementor-top-section elementor-element elementor-element-608db66 elementor-section-boxed elementor-section-height-default elementor-section-height-default\" data-id=\"608db66\" data-element_type=\"section\" data-e-type=\"section\">\n\t\t\t\t\t\t<div class=\"elementor-container elementor-column-gap-default\">\n\t\t\t\t\t<div class=\"elementor-column elementor-col-100 elementor-top-column elementor-element elementor-element-ccdec9a\" data-id=\"ccdec9a\" data-element_type=\"column\" data-e-type=\"column\">\n\t\t\t<div class=\"elementor-widget-wrap\">\n\t\t\t\t\t\t\t<\/div>\n\t\t<\/div>\n\t\t\t\t\t<\/div>\n\t\t<\/section>\n\t\t\t\t<section class=\"elementor-section elementor-top-section elementor-element elementor-element-cfabc2a elementor-section-boxed elementor-section-height-default elementor-section-height-default\" data-id=\"cfabc2a\" data-element_type=\"section\" data-e-type=\"section\">\n\t\t\t\t\t\t<div class=\"elementor-container elementor-column-gap-default\">\n\t\t\t\t\t<div class=\"elementor-column elementor-col-100 elementor-top-column elementor-element elementor-element-1a2594d\" data-id=\"1a2594d\" data-element_type=\"column\" data-e-type=\"column\">\n\t\t\t<div class=\"elementor-widget-wrap\">\n\t\t\t\t\t\t\t<\/div>\n\t\t<\/div>\n\t\t\t\t\t<\/div>\n\t\t<\/section>\n\t\t\t\t<section class=\"elementor-section elementor-top-section elementor-element elementor-element-120b08e elementor-section-boxed elementor-section-height-default elementor-section-height-default\" data-id=\"120b08e\" data-element_type=\"section\" data-e-type=\"section\">\n\t\t\t\t\t\t<div class=\"elementor-container elementor-column-gap-default\">\n\t\t\t\t\t<div class=\"elementor-column elementor-col-100 elementor-top-column elementor-element elementor-element-2ff0b18\" data-id=\"2ff0b18\" data-element_type=\"column\" data-e-type=\"column\">\n\t\t\t<div class=\"elementor-widget-wrap elementor-element-populated\">\n\t\t\t\t\t\t<div class=\"elementor-element elementor-element-306967f elementor-widget elementor-widget-image\" data-id=\"306967f\" data-element_type=\"widget\" data-e-type=\"widget\" data-widget_type=\"image.default\">\n\t\t\t\t<div class=\"elementor-widget-container\">\n\t\t\t\t\t\t\t\t\t\t\t\t\t\t\t<img fetchpriority=\"high\" decoding=\"async\" width=\"1024\" height=\"693\" src=\"https:\/\/lefkadabnb.gr\/wp-content\/uploads\/2024\/02\/personal-trainer-melekos-gimnastirio-4-1024x693.jpg\" class=\"attachment-large size-large wp-image-38110\" alt=\"\" srcset=\"https:\/\/lefkadabnb.gr\/wp-content\/uploads\/2024\/02\/personal-trainer-melekos-gimnastirio-4-1024x693.jpg 1024w, https:\/\/lefkadabnb.gr\/wp-content\/uploads\/2024\/02\/personal-trainer-melekos-gimnastirio-4-300x203.jpg 300w, https:\/\/lefkadabnb.gr\/wp-content\/uploads\/2024\/02\/personal-trainer-melekos-gimnastirio-4-768x520.jpg 768w, https:\/\/lefkadabnb.gr\/wp-content\/uploads\/2024\/02\/personal-trainer-melekos-gimnastirio-4-1536x1040.jpg 1536w, https:\/\/lefkadabnb.gr\/wp-content\/uploads\/2024\/02\/personal-trainer-melekos-gimnastirio-4.jpg 1920w\" sizes=\"(max-width: 1024px) 100vw, 1024px\" \/>\t\t\t\t\t\t\t\t\t\t\t\t\t\t\t<\/div>\n\t\t\t\t<\/div>\n\t\t\t\t\t<\/div>\n\t\t<\/div>\n\t\t\t\t\t<\/div>\n\t\t<\/section>\n\t\t\t\t<\/div>\n\t\t","protected":false},"excerpt":{"rendered":"<p>V\u0103 putem face sosirea \u0219i plecarea f\u0103r\u0103 probleme \u0219i confortabile. Echipa noastr\u0103 v\u0103 va aranja o experien\u021b\u0103 de transfer impecabil\u0103. Acest serviciu personalizat \u0219i privat este disponibil pentru fiecare aeroport sau port de care ai putea avea nevoie. De asemenea, partenerii no\u0219tri v\u0103 pot duce f\u0103r\u0103 efort la plaj\u0103, la restaurant, la clubul ales de &#8230;<\/p>\n","protected":false},"author":1,"featured_media":0,"parent":0,"menu_order":0,"comment_status":"closed","ping_status":"closed","template":"","meta":{"footnotes":""},"class_list":["post-39233","page","type-page","status-publish","hentry"],"yoast_head":"<!-- This site is optimized with the Yoast SEO plugin v27.1.1 - https:\/\/yoast.com\/product\/yoast-seo-wordpress\/ -->\n<title>Servicii de transfer privat - Lefkada Vacation Rentals 2026 - Villas - Studios - Apartments 2026<\/title>\n<meta name=\"robots\" content=\"index, follow, max-snippet:-1, max-image-preview:large, max-video-preview:-1\" \/>\n<link rel=\"canonical\" href=\"https:\/\/lefkadabnb.gr\/ro\/servicii-de-transfer-privat\/\" \/>\n<meta property=\"og:locale\" content=\"ro_RO\" \/>\n<meta property=\"og:type\" content=\"article\" \/>\n<meta property=\"og:title\" content=\"Servicii de transfer privat - Lefkada Vacation Rentals 2026 - Villas - Studios - Apartments 2026\" \/>\n<meta property=\"og:description\" content=\"V\u0103 putem face sosirea \u0219i plecarea f\u0103r\u0103 probleme \u0219i confortabile. Echipa noastr\u0103 v\u0103 va aranja o experien\u021b\u0103 de transfer impecabil\u0103. Acest serviciu personalizat \u0219i privat este disponibil pentru fiecare aeroport sau port de care ai putea avea nevoie. De asemenea, partenerii no\u0219tri v\u0103 pot duce f\u0103r\u0103 efort la plaj\u0103, la restaurant, la clubul ales de ...\" \/>\n<meta property=\"og:url\" content=\"https:\/\/lefkadabnb.gr\/ro\/servicii-de-transfer-privat\/\" \/>\n<meta property=\"og:site_name\" content=\"Lefkada Vacation Rentals 2026 - Villas - Studios - Apartments 2026\" \/>\n<meta property=\"article:modified_time\" content=\"2024-03-08T14:06:19+00:00\" \/>\n<meta property=\"og:image\" content=\"https:\/\/lefkadabnb.gr\/wp-content\/uploads\/2024\/02\/personal-trainer-melekos-gimnastirio-4-1024x693.jpg\" \/>\n<meta name=\"twitter:card\" content=\"summary_large_image\" \/>\n<meta name=\"twitter:label1\" content=\"Timp estimat pentru citire\" \/>\n\t<meta name=\"twitter:data1\" content=\"1 minut\" \/>\n<script type=\"application\/ld+json\" class=\"yoast-schema-graph\">{\"@context\":\"https:\/\/schema.org\",\"@graph\":[{\"@type\":\"WebPage\",\"@id\":\"https:\/\/lefkadabnb.gr\/ro\/servicii-de-transfer-privat\/\",\"url\":\"https:\/\/lefkadabnb.gr\/ro\/servicii-de-transfer-privat\/\",\"name\":\"Servicii de transfer privat - Lefkada Vacation Rentals 2026 - Villas - Studios - Apartments 2026\",\"isPartOf\":{\"@id\":\"https:\/\/lefkadabnb.gr\/ro\/#website\"},\"primaryImageOfPage\":{\"@id\":\"https:\/\/lefkadabnb.gr\/ro\/servicii-de-transfer-privat\/#primaryimage\"},\"image\":{\"@id\":\"https:\/\/lefkadabnb.gr\/ro\/servicii-de-transfer-privat\/#primaryimage\"},\"thumbnailUrl\":\"https:\/\/lefkadabnb.gr\/wp-content\/uploads\/2024\/02\/personal-trainer-melekos-gimnastirio-4-1024x693.jpg\",\"datePublished\":\"2024-02-09T11:10:36+00:00\",\"dateModified\":\"2024-03-08T14:06:19+00:00\",\"breadcrumb\":{\"@id\":\"https:\/\/lefkadabnb.gr\/ro\/servicii-de-transfer-privat\/#breadcrumb\"},\"inLanguage\":\"ro-RO\",\"potentialAction\":[{\"@type\":\"ReadAction\",\"target\":[\"https:\/\/lefkadabnb.gr\/ro\/servicii-de-transfer-privat\/\"]}]},{\"@type\":\"ImageObject\",\"inLanguage\":\"ro-RO\",\"@id\":\"https:\/\/lefkadabnb.gr\/ro\/servicii-de-transfer-privat\/#primaryimage\",\"url\":\"https:\/\/lefkadabnb.gr\/wp-content\/uploads\/2024\/02\/personal-trainer-melekos-gimnastirio-4-1024x693.jpg\",\"contentUrl\":\"https:\/\/lefkadabnb.gr\/wp-content\/uploads\/2024\/02\/personal-trainer-melekos-gimnastirio-4-1024x693.jpg\"},{\"@type\":\"BreadcrumbList\",\"@id\":\"https:\/\/lefkadabnb.gr\/ro\/servicii-de-transfer-privat\/#breadcrumb\",\"itemListElement\":[{\"@type\":\"ListItem\",\"position\":1,\"name\":\"Home\",\"item\":\"https:\/\/lefkadabnb.gr\/ro\/\"},{\"@type\":\"ListItem\",\"position\":2,\"name\":\"Servicii de transfer privat\"}]},{\"@type\":\"WebSite\",\"@id\":\"https:\/\/lefkadabnb.gr\/ro\/#website\",\"url\":\"https:\/\/lefkadabnb.gr\/ro\/\",\"name\":\"Lefkada Vacation Rentals 2026 - Villas - Studios - Apartments 2026\",\"description\":\"Lefkada Vacation Rentals 2026 - Villas - Studios - Apartments 2026\",\"potentialAction\":[{\"@type\":\"SearchAction\",\"target\":{\"@type\":\"EntryPoint\",\"urlTemplate\":\"https:\/\/lefkadabnb.gr\/ro\/?s={search_term_string}\"},\"query-input\":{\"@type\":\"PropertyValueSpecification\",\"valueRequired\":true,\"valueName\":\"search_term_string\"}}],\"inLanguage\":\"ro-RO\"}]}<\/script>\n<!-- \/ Yoast SEO plugin. -->","yoast_head_json":{"title":"Servicii de transfer privat - Lefkada Vacation Rentals 2026 - Villas - Studios - Apartments 2026","robots":{"index":"index","follow":"follow","max-snippet":"max-snippet:-1","max-image-preview":"max-image-preview:large","max-video-preview":"max-video-preview:-1"},"canonical":"https:\/\/lefkadabnb.gr\/ro\/servicii-de-transfer-privat\/","og_locale":"ro_RO","og_type":"article","og_title":"Servicii de transfer privat - Lefkada Vacation Rentals 2026 - Villas - Studios - Apartments 2026","og_description":"V\u0103 putem face sosirea \u0219i plecarea f\u0103r\u0103 probleme \u0219i confortabile. Echipa noastr\u0103 v\u0103 va aranja o experien\u021b\u0103 de transfer impecabil\u0103. Acest serviciu personalizat \u0219i privat este disponibil pentru fiecare aeroport sau port de care ai putea avea nevoie. De asemenea, partenerii no\u0219tri v\u0103 pot duce f\u0103r\u0103 efort la plaj\u0103, la restaurant, la clubul ales de ...","og_url":"https:\/\/lefkadabnb.gr\/ro\/servicii-de-transfer-privat\/","og_site_name":"Lefkada Vacation Rentals 2026 - Villas - Studios - Apartments 2026","article_modified_time":"2024-03-08T14:06:19+00:00","og_image":[{"url":"https:\/\/lefkadabnb.gr\/wp-content\/uploads\/2024\/02\/personal-trainer-melekos-gimnastirio-4-1024x693.jpg","type":"","width":"","height":""}],"twitter_card":"summary_large_image","twitter_misc":{"Timp estimat pentru citire":"1 minut"},"schema":{"@context":"https:\/\/schema.org","@graph":[{"@type":"WebPage","@id":"https:\/\/lefkadabnb.gr\/ro\/servicii-de-transfer-privat\/","url":"https:\/\/lefkadabnb.gr\/ro\/servicii-de-transfer-privat\/","name":"Servicii de transfer privat - Lefkada Vacation Rentals 2026 - Villas - Studios - Apartments 2026","isPartOf":{"@id":"https:\/\/lefkadabnb.gr\/ro\/#website"},"primaryImageOfPage":{"@id":"https:\/\/lefkadabnb.gr\/ro\/servicii-de-transfer-privat\/#primaryimage"},"image":{"@id":"https:\/\/lefkadabnb.gr\/ro\/servicii-de-transfer-privat\/#primaryimage"},"thumbnailUrl":"https:\/\/lefkadabnb.gr\/wp-content\/uploads\/2024\/02\/personal-trainer-melekos-gimnastirio-4-1024x693.jpg","datePublished":"2024-02-09T11:10:36+00:00","dateModified":"2024-03-08T14:06:19+00:00","breadcrumb":{"@id":"https:\/\/lefkadabnb.gr\/ro\/servicii-de-transfer-privat\/#breadcrumb"},"inLanguage":"ro-RO","potentialAction":[{"@type":"ReadAction","target":["https:\/\/lefkadabnb.gr\/ro\/servicii-de-transfer-privat\/"]}]},{"@type":"ImageObject","inLanguage":"ro-RO","@id":"https:\/\/lefkadabnb.gr\/ro\/servicii-de-transfer-privat\/#primaryimage","url":"https:\/\/lefkadabnb.gr\/wp-content\/uploads\/2024\/02\/personal-trainer-melekos-gimnastirio-4-1024x693.jpg","contentUrl":"https:\/\/lefkadabnb.gr\/wp-content\/uploads\/2024\/02\/personal-trainer-melekos-gimnastirio-4-1024x693.jpg"},{"@type":"BreadcrumbList","@id":"https:\/\/lefkadabnb.gr\/ro\/servicii-de-transfer-privat\/#breadcrumb","itemListElement":[{"@type":"ListItem","position":1,"name":"Home","item":"https:\/\/lefkadabnb.gr\/ro\/"},{"@type":"ListItem","position":2,"name":"Servicii de transfer privat"}]},{"@type":"WebSite","@id":"https:\/\/lefkadabnb.gr\/ro\/#website","url":"https:\/\/lefkadabnb.gr\/ro\/","name":"Lefkada Vacation Rentals 2026 - Villas - Studios - Apartments 2026","description":"Lefkada Vacation Rentals 2026 - Villas - Studios - Apartments 2026","potentialAction":[{"@type":"SearchAction","target":{"@type":"EntryPoint","urlTemplate":"https:\/\/lefkadabnb.gr\/ro\/?s={search_term_string}"},"query-input":{"@type":"PropertyValueSpecification","valueRequired":true,"valueName":"search_term_string"}}],"inLanguage":"ro-RO"}]}},"_links":{"self":[{"href":"https:\/\/lefkadabnb.gr\/ro\/wp-json\/wp\/v2\/pages\/39233","targetHints":{"allow":["GET"]}}],"collection":[{"href":"https:\/\/lefkadabnb.gr\/ro\/wp-json\/wp\/v2\/pages"}],"about":[{"href":"https:\/\/lefkadabnb.gr\/ro\/wp-json\/wp\/v2\/types\/page"}],"author":[{"embeddable":true,"href":"https:\/\/lefkadabnb.gr\/ro\/wp-json\/wp\/v2\/users\/1"}],"replies":[{"embeddable":true,"href":"https:\/\/lefkadabnb.gr\/ro\/wp-json\/wp\/v2\/comments?post=39233"}],"version-history":[{"count":1,"href":"https:\/\/lefkadabnb.gr\/ro\/wp-json\/wp\/v2\/pages\/39233\/revisions"}],"predecessor-version":[{"id":39234,"href":"https:\/\/lefkadabnb.gr\/ro\/wp-json\/wp\/v2\/pages\/39233\/revisions\/39234"}],"wp:attachment":[{"href":"https:\/\/lefkadabnb.gr\/ro\/wp-json\/wp\/v2\/media?parent=39233"}],"curies":[{"name":"wp","href":"https:\/\/api.w.org\/{rel}","templated":true}]}}