{"id":39237,"date":"2024-02-09T10:56:27","date_gmt":"2024-02-09T10:56:27","guid":{"rendered":"https:\/\/lefkadabnb.gr\/servicii-de-inchiriere-de-scutere-si-motociclete\/"},"modified":"2024-03-08T14:09:21","modified_gmt":"2024-03-08T14:09:21","slug":"servicii-de-inchiriere-de-scutere-si-motociclete","status":"publish","type":"page","link":"https:\/\/lefkadabnb.gr\/ro\/servicii-de-inchiriere-de-scutere-si-motociclete\/","title":{"rendered":"Servicii de inchiriere de scutere si motociclete"},"content":{"rendered":"\t\t<div data-elementor-type=\"wp-page\" data-elementor-id=\"39237\" class=\"elementor elementor-39237 elementor-30945\" data-elementor-post-type=\"page\">\n\t\t\t\t\t\t<section class=\"elementor-section elementor-top-section elementor-element elementor-element-2aecf4d elementor-section-boxed elementor-section-height-default elementor-section-height-default\" data-id=\"2aecf4d\" data-element_type=\"section\" data-e-type=\"section\">\n\t\t\t\t\t\t<div class=\"elementor-container elementor-column-gap-default\">\n\t\t\t\t\t<div class=\"elementor-column elementor-col-100 elementor-top-column elementor-element elementor-element-243deb8\" data-id=\"243deb8\" data-element_type=\"column\" data-e-type=\"column\">\n\t\t\t<div class=\"elementor-widget-wrap elementor-element-populated\">\n\t\t\t\t\t\t<div class=\"elementor-element elementor-element-2b66f6c elementor-widget elementor-widget-text-editor\" data-id=\"2b66f6c\" data-element_type=\"widget\" data-e-type=\"widget\" data-widget_type=\"text-editor.default\">\n\t\t\t\t<div class=\"elementor-widget-container\">\n\t\t\t\t\t\t\t\t\t<p>Scopul companiei noastre este de a oferi cele mai bune op\u021biuni disponibile pentru clien\u021bii no\u0219tri pentru a se bucura de vacan\u021bele de var\u0103. Ma\u0219ina este \u00eentotdeauna necesar\u0103 pe insula Lefkada, dar ce zici s\u0103 \u00eenchiriezi o motociclet\u0103, un scuter sau chiar un quad?<\/p>\n<p>Ei bine, aceasta va fi o alegere foarte bun\u0103 pentru tine din multe puncte de vedere. \u00cen primul r\u00e2nd, serviciile de \u00eenchiriere ale companiei noastre v\u0103 garanteaz\u0103 siguran\u021ba, care este \u00eentotdeauna pe primul loc. Conducerea unei motociclete v\u0103 ajut\u0103 s\u0103 evita\u021bi traficul \u0219i s\u0103 g\u0103si\u021bi o parcare u\u0219oar\u0103, care nu este at\u00e2t de eficient\u0103 cu o ma\u0219in\u0103 \u00een lunile de var\u0103. De asemenea, Lefkada are at\u00e2t de multe locuri de vizitat, sate tradi\u021bionale la mun\u021bi, atrac\u021bii precum cascadele, plaje ascunse sau chiar realizarea \u00eentregului tur al insulei cu libertatea de a c\u0103l\u0103ri care va face din aceasta o experien\u021b\u0103 de via\u021b\u0103.<\/p>\n<p>Compania Lefkada BnB coopereaz\u0103 cu cele mai bune servicii de \u00eenchiriere ale insulei, astfel \u00eenc\u00e2t s\u0103 pute\u021bi \u00eenchiria o mare varietate de motociclete, quad-uri \u0219i scutere la pre\u021buri accesibile.<\/p>\n<p>Principala prioritate a companiei noastre este s\u0103 ave\u021bi cele mai bune vacan\u021be pentru dvs.<\/p>\n\t\t\t\t\t\t\t\t<\/div>\n\t\t\t\t<\/div>\n\t\t\t\t\t<\/div>\n\t\t<\/div>\n\t\t\t\t\t<\/div>\n\t\t<\/section>\n\t\t\t\t<section class=\"elementor-section elementor-top-section elementor-element elementor-element-9629cfd elementor-section-boxed elementor-section-height-default elementor-section-height-default\" data-id=\"9629cfd\" data-element_type=\"section\" data-e-type=\"section\">\n\t\t\t\t\t\t<div class=\"elementor-container elementor-column-gap-default\">\n\t\t\t\t\t<div class=\"elementor-column elementor-col-100 elementor-top-column elementor-element elementor-element-d948f0c\" data-id=\"d948f0c\" data-element_type=\"column\" data-e-type=\"column\">\n\t\t\t<div class=\"elementor-widget-wrap elementor-element-populated\">\n\t\t\t\t\t\t<div class=\"elementor-element elementor-element-e18eb6b elementor-widget elementor-widget-shortcode\" data-id=\"e18eb6b\" data-element_type=\"widget\" data-e-type=\"widget\" data-widget_type=\"shortcode.default\">\n\t\t\t\t<div class=\"elementor-widget-container\">\n\t\t\t\t\t\t\t<div class=\"elementor-shortcode\"><p class=\"wpcf7-contact-form-not-found\"><strong>Eroare:<\/strong> Nu am g\u0103sit formularul de contact.<\/p><\/div>\n\t\t\t\t\t\t<\/div>\n\t\t\t\t<\/div>\n\t\t\t\t\t<\/div>\n\t\t<\/div>\n\t\t\t\t\t<\/div>\n\t\t<\/section>\n\t\t\t\t<section class=\"elementor-section elementor-top-section elementor-element elementor-element-b76564d elementor-section-boxed elementor-section-height-default elementor-section-height-default\" data-id=\"b76564d\" data-element_type=\"section\" data-e-type=\"section\">\n\t\t\t\t\t\t<div class=\"elementor-container elementor-column-gap-default\">\n\t\t\t\t\t<div class=\"elementor-column elementor-col-100 elementor-top-column elementor-element elementor-element-98d3051\" data-id=\"98d3051\" data-element_type=\"column\" data-e-type=\"column\">\n\t\t\t<div class=\"elementor-widget-wrap elementor-element-populated\">\n\t\t\t\t\t\t<div class=\"elementor-element elementor-element-70cc93b elementor-widget elementor-widget-image\" data-id=\"70cc93b\" data-element_type=\"widget\" data-e-type=\"widget\" data-widget_type=\"image.default\">\n\t\t\t\t<div class=\"elementor-widget-container\">\n\t\t\t\t\t\t\t\t\t\t\t\t\t\t\t<img fetchpriority=\"high\" decoding=\"async\" width=\"550\" height=\"412\" src=\"https:\/\/lefkadabnb.gr\/wp-content\/uploads\/2024\/02\/boat-1.jpg\" class=\"attachment-large size-large wp-image-38071\" alt=\"\" srcset=\"https:\/\/lefkadabnb.gr\/wp-content\/uploads\/2024\/02\/boat-1.jpg 550w, https:\/\/lefkadabnb.gr\/wp-content\/uploads\/2024\/02\/boat-1-300x225.jpg 300w\" sizes=\"(max-width: 550px) 100vw, 550px\" \/>\t\t\t\t\t\t\t\t\t\t\t\t\t\t\t<\/div>\n\t\t\t\t<\/div>\n\t\t\t\t<div class=\"elementor-element elementor-element-e659d6a elementor-widget elementor-widget-image\" data-id=\"e659d6a\" data-element_type=\"widget\" data-e-type=\"widget\" data-widget_type=\"image.default\">\n\t\t\t\t<div class=\"elementor-widget-container\">\n\t\t\t\t\t\t\t\t\t\t\t\t\t\t\t<img decoding=\"async\" width=\"465\" height=\"348\" src=\"https:\/\/lefkadabnb.gr\/wp-content\/uploads\/2024\/02\/quad.jpg\" class=\"attachment-large size-large wp-image-38074\" alt=\"\" srcset=\"https:\/\/lefkadabnb.gr\/wp-content\/uploads\/2024\/02\/quad.jpg 465w, https:\/\/lefkadabnb.gr\/wp-content\/uploads\/2024\/02\/quad-300x225.jpg 300w\" sizes=\"(max-width: 465px) 100vw, 465px\" \/>\t\t\t\t\t\t\t\t\t\t\t\t\t\t\t<\/div>\n\t\t\t\t<\/div>\n\t\t\t\t\t<\/div>\n\t\t<\/div>\n\t\t\t\t\t<\/div>\n\t\t<\/section>\n\t\t\t\t<\/div>\n\t\t","protected":false},"excerpt":{"rendered":"<p>Scopul companiei noastre este de a oferi cele mai bune op\u021biuni disponibile pentru clien\u021bii no\u0219tri pentru a se bucura de vacan\u021bele de var\u0103. Ma\u0219ina este \u00eentotdeauna necesar\u0103 pe insula Lefkada, dar ce zici s\u0103 \u00eenchiriezi o motociclet\u0103, un scuter sau chiar un quad? Ei bine, aceasta va fi o alegere foarte bun\u0103 pentru tine din &#8230;<\/p>\n","protected":false},"author":1,"featured_media":0,"parent":0,"menu_order":0,"comment_status":"closed","ping_status":"closed","template":"","meta":{"footnotes":""},"class_list":["post-39237","page","type-page","status-publish","hentry"],"yoast_head":"<!-- This site is optimized with the Yoast SEO plugin v27.1.1 - https:\/\/yoast.com\/product\/yoast-seo-wordpress\/ -->\n<title>Servicii de inchiriere de scutere si motociclete - Lefkada Vacation Rentals 2026 - Villas - Studios - Apartments 2026<\/title>\n<meta name=\"robots\" content=\"index, follow, max-snippet:-1, max-image-preview:large, max-video-preview:-1\" \/>\n<link rel=\"canonical\" href=\"https:\/\/lefkadabnb.gr\/ro\/servicii-de-inchiriere-de-scutere-si-motociclete\/\" \/>\n<meta property=\"og:locale\" content=\"ro_RO\" \/>\n<meta property=\"og:type\" content=\"article\" \/>\n<meta property=\"og:title\" content=\"Servicii de inchiriere de scutere si motociclete - Lefkada Vacation Rentals 2026 - Villas - Studios - Apartments 2026\" \/>\n<meta property=\"og:description\" content=\"Scopul companiei noastre este de a oferi cele mai bune op\u021biuni disponibile pentru clien\u021bii no\u0219tri pentru a se bucura de vacan\u021bele de var\u0103. Ma\u0219ina este \u00eentotdeauna necesar\u0103 pe insula Lefkada, dar ce zici s\u0103 \u00eenchiriezi o motociclet\u0103, un scuter sau chiar un quad? Ei bine, aceasta va fi o alegere foarte bun\u0103 pentru tine din ...\" \/>\n<meta property=\"og:url\" content=\"https:\/\/lefkadabnb.gr\/ro\/servicii-de-inchiriere-de-scutere-si-motociclete\/\" \/>\n<meta property=\"og:site_name\" content=\"Lefkada Vacation Rentals 2026 - Villas - Studios - Apartments 2026\" \/>\n<meta property=\"article:modified_time\" content=\"2024-03-08T14:09:21+00:00\" \/>\n<meta property=\"og:image\" content=\"https:\/\/lefkadabnb.gr\/wp-content\/uploads\/2024\/02\/boat-1.jpg\" \/>\n<meta name=\"twitter:card\" content=\"summary_large_image\" \/>\n<meta name=\"twitter:label1\" content=\"Timp estimat pentru citire\" \/>\n\t<meta name=\"twitter:data1\" content=\"1 minut\" \/>\n<script type=\"application\/ld+json\" class=\"yoast-schema-graph\">{\"@context\":\"https:\/\/schema.org\",\"@graph\":[{\"@type\":\"WebPage\",\"@id\":\"https:\/\/lefkadabnb.gr\/ro\/servicii-de-inchiriere-de-scutere-si-motociclete\/\",\"url\":\"https:\/\/lefkadabnb.gr\/ro\/servicii-de-inchiriere-de-scutere-si-motociclete\/\",\"name\":\"Servicii de inchiriere de scutere si motociclete - Lefkada Vacation Rentals 2026 - Villas - Studios - Apartments 2026\",\"isPartOf\":{\"@id\":\"https:\/\/lefkadabnb.gr\/ro\/#website\"},\"primaryImageOfPage\":{\"@id\":\"https:\/\/lefkadabnb.gr\/ro\/servicii-de-inchiriere-de-scutere-si-motociclete\/#primaryimage\"},\"image\":{\"@id\":\"https:\/\/lefkadabnb.gr\/ro\/servicii-de-inchiriere-de-scutere-si-motociclete\/#primaryimage\"},\"thumbnailUrl\":\"https:\/\/lefkadabnb.gr\/wp-content\/uploads\/2024\/02\/boat-1.jpg\",\"datePublished\":\"2024-02-09T10:56:27+00:00\",\"dateModified\":\"2024-03-08T14:09:21+00:00\",\"breadcrumb\":{\"@id\":\"https:\/\/lefkadabnb.gr\/ro\/servicii-de-inchiriere-de-scutere-si-motociclete\/#breadcrumb\"},\"inLanguage\":\"ro-RO\",\"potentialAction\":[{\"@type\":\"ReadAction\",\"target\":[\"https:\/\/lefkadabnb.gr\/ro\/servicii-de-inchiriere-de-scutere-si-motociclete\/\"]}]},{\"@type\":\"ImageObject\",\"inLanguage\":\"ro-RO\",\"@id\":\"https:\/\/lefkadabnb.gr\/ro\/servicii-de-inchiriere-de-scutere-si-motociclete\/#primaryimage\",\"url\":\"https:\/\/lefkadabnb.gr\/wp-content\/uploads\/2024\/02\/boat-1.jpg\",\"contentUrl\":\"https:\/\/lefkadabnb.gr\/wp-content\/uploads\/2024\/02\/boat-1.jpg\"},{\"@type\":\"BreadcrumbList\",\"@id\":\"https:\/\/lefkadabnb.gr\/ro\/servicii-de-inchiriere-de-scutere-si-motociclete\/#breadcrumb\",\"itemListElement\":[{\"@type\":\"ListItem\",\"position\":1,\"name\":\"Home\",\"item\":\"https:\/\/lefkadabnb.gr\/ro\/\"},{\"@type\":\"ListItem\",\"position\":2,\"name\":\"Servicii de inchiriere de scutere si motociclete\"}]},{\"@type\":\"WebSite\",\"@id\":\"https:\/\/lefkadabnb.gr\/ro\/#website\",\"url\":\"https:\/\/lefkadabnb.gr\/ro\/\",\"name\":\"Lefkada Vacation Rentals 2026 - Villas - Studios - Apartments 2026\",\"description\":\"Lefkada Vacation Rentals 2026 - Villas - Studios - Apartments 2026\",\"potentialAction\":[{\"@type\":\"SearchAction\",\"target\":{\"@type\":\"EntryPoint\",\"urlTemplate\":\"https:\/\/lefkadabnb.gr\/ro\/?s={search_term_string}\"},\"query-input\":{\"@type\":\"PropertyValueSpecification\",\"valueRequired\":true,\"valueName\":\"search_term_string\"}}],\"inLanguage\":\"ro-RO\"}]}<\/script>\n<!-- \/ Yoast SEO plugin. -->","yoast_head_json":{"title":"Servicii de inchiriere de scutere si motociclete - Lefkada Vacation Rentals 2026 - Villas - Studios - Apartments 2026","robots":{"index":"index","follow":"follow","max-snippet":"max-snippet:-1","max-image-preview":"max-image-preview:large","max-video-preview":"max-video-preview:-1"},"canonical":"https:\/\/lefkadabnb.gr\/ro\/servicii-de-inchiriere-de-scutere-si-motociclete\/","og_locale":"ro_RO","og_type":"article","og_title":"Servicii de inchiriere de scutere si motociclete - Lefkada Vacation Rentals 2026 - Villas - Studios - Apartments 2026","og_description":"Scopul companiei noastre este de a oferi cele mai bune op\u021biuni disponibile pentru clien\u021bii no\u0219tri pentru a se bucura de vacan\u021bele de var\u0103. Ma\u0219ina este \u00eentotdeauna necesar\u0103 pe insula Lefkada, dar ce zici s\u0103 \u00eenchiriezi o motociclet\u0103, un scuter sau chiar un quad? Ei bine, aceasta va fi o alegere foarte bun\u0103 pentru tine din ...","og_url":"https:\/\/lefkadabnb.gr\/ro\/servicii-de-inchiriere-de-scutere-si-motociclete\/","og_site_name":"Lefkada Vacation Rentals 2026 - Villas - Studios - Apartments 2026","article_modified_time":"2024-03-08T14:09:21+00:00","og_image":[{"url":"https:\/\/lefkadabnb.gr\/wp-content\/uploads\/2024\/02\/boat-1.jpg","type":"","width":"","height":""}],"twitter_card":"summary_large_image","twitter_misc":{"Timp estimat pentru citire":"1 minut"},"schema":{"@context":"https:\/\/schema.org","@graph":[{"@type":"WebPage","@id":"https:\/\/lefkadabnb.gr\/ro\/servicii-de-inchiriere-de-scutere-si-motociclete\/","url":"https:\/\/lefkadabnb.gr\/ro\/servicii-de-inchiriere-de-scutere-si-motociclete\/","name":"Servicii de inchiriere de scutere si motociclete - Lefkada Vacation Rentals 2026 - Villas - Studios - Apartments 2026","isPartOf":{"@id":"https:\/\/lefkadabnb.gr\/ro\/#website"},"primaryImageOfPage":{"@id":"https:\/\/lefkadabnb.gr\/ro\/servicii-de-inchiriere-de-scutere-si-motociclete\/#primaryimage"},"image":{"@id":"https:\/\/lefkadabnb.gr\/ro\/servicii-de-inchiriere-de-scutere-si-motociclete\/#primaryimage"},"thumbnailUrl":"https:\/\/lefkadabnb.gr\/wp-content\/uploads\/2024\/02\/boat-1.jpg","datePublished":"2024-02-09T10:56:27+00:00","dateModified":"2024-03-08T14:09:21+00:00","breadcrumb":{"@id":"https:\/\/lefkadabnb.gr\/ro\/servicii-de-inchiriere-de-scutere-si-motociclete\/#breadcrumb"},"inLanguage":"ro-RO","potentialAction":[{"@type":"ReadAction","target":["https:\/\/lefkadabnb.gr\/ro\/servicii-de-inchiriere-de-scutere-si-motociclete\/"]}]},{"@type":"ImageObject","inLanguage":"ro-RO","@id":"https:\/\/lefkadabnb.gr\/ro\/servicii-de-inchiriere-de-scutere-si-motociclete\/#primaryimage","url":"https:\/\/lefkadabnb.gr\/wp-content\/uploads\/2024\/02\/boat-1.jpg","contentUrl":"https:\/\/lefkadabnb.gr\/wp-content\/uploads\/2024\/02\/boat-1.jpg"},{"@type":"BreadcrumbList","@id":"https:\/\/lefkadabnb.gr\/ro\/servicii-de-inchiriere-de-scutere-si-motociclete\/#breadcrumb","itemListElement":[{"@type":"ListItem","position":1,"name":"Home","item":"https:\/\/lefkadabnb.gr\/ro\/"},{"@type":"ListItem","position":2,"name":"Servicii de inchiriere de scutere si motociclete"}]},{"@type":"WebSite","@id":"https:\/\/lefkadabnb.gr\/ro\/#website","url":"https:\/\/lefkadabnb.gr\/ro\/","name":"Lefkada Vacation Rentals 2026 - Villas - Studios - Apartments 2026","description":"Lefkada Vacation Rentals 2026 - Villas - Studios - Apartments 2026","potentialAction":[{"@type":"SearchAction","target":{"@type":"EntryPoint","urlTemplate":"https:\/\/lefkadabnb.gr\/ro\/?s={search_term_string}"},"query-input":{"@type":"PropertyValueSpecification","valueRequired":true,"valueName":"search_term_string"}}],"inLanguage":"ro-RO"}]}},"_links":{"self":[{"href":"https:\/\/lefkadabnb.gr\/ro\/wp-json\/wp\/v2\/pages\/39237","targetHints":{"allow":["GET"]}}],"collection":[{"href":"https:\/\/lefkadabnb.gr\/ro\/wp-json\/wp\/v2\/pages"}],"about":[{"href":"https:\/\/lefkadabnb.gr\/ro\/wp-json\/wp\/v2\/types\/page"}],"author":[{"embeddable":true,"href":"https:\/\/lefkadabnb.gr\/ro\/wp-json\/wp\/v2\/users\/1"}],"replies":[{"embeddable":true,"href":"https:\/\/lefkadabnb.gr\/ro\/wp-json\/wp\/v2\/comments?post=39237"}],"version-history":[{"count":1,"href":"https:\/\/lefkadabnb.gr\/ro\/wp-json\/wp\/v2\/pages\/39237\/revisions"}],"predecessor-version":[{"id":39238,"href":"https:\/\/lefkadabnb.gr\/ro\/wp-json\/wp\/v2\/pages\/39237\/revisions\/39238"}],"wp:attachment":[{"href":"https:\/\/lefkadabnb.gr\/ro\/wp-json\/wp\/v2\/media?parent=39237"}],"curies":[{"name":"wp","href":"https:\/\/api.w.org\/{rel}","templated":true}]}}