{"id":39241,"date":"2024-02-09T11:59:38","date_gmt":"2024-02-09T11:59:38","guid":{"rendered":"https:\/\/lefkadabnb.gr\/aranjamente-spa-si-wellness\/"},"modified":"2024-03-08T14:11:08","modified_gmt":"2024-03-08T14:11:08","slug":"aranjamente-spa-si-wellness","status":"publish","type":"page","link":"https:\/\/lefkadabnb.gr\/ro\/aranjamente-spa-si-wellness\/","title":{"rendered":"Aranjamente Spa \u0219i Wellness"},"content":{"rendered":"\t\t<div data-elementor-type=\"wp-page\" data-elementor-id=\"39241\" class=\"elementor elementor-39241 elementor-30987\" data-elementor-post-type=\"page\">\n\t\t\t\t\t\t<section class=\"elementor-section elementor-top-section elementor-element elementor-element-2aecf4d elementor-section-boxed elementor-section-height-default elementor-section-height-default\" data-id=\"2aecf4d\" data-element_type=\"section\" data-e-type=\"section\">\n\t\t\t\t\t\t<div class=\"elementor-container elementor-column-gap-default\">\n\t\t\t\t\t<div class=\"elementor-column elementor-col-100 elementor-top-column elementor-element elementor-element-243deb8\" data-id=\"243deb8\" data-element_type=\"column\" data-e-type=\"column\">\n\t\t\t<div class=\"elementor-widget-wrap elementor-element-populated\">\n\t\t\t\t\t\t<div class=\"elementor-element elementor-element-2b66f6c elementor-widget elementor-widget-text-editor\" data-id=\"2b66f6c\" data-element_type=\"widget\" data-e-type=\"widget\" data-widget_type=\"text-editor.default\">\n\t\t\t\t<div class=\"elementor-widget-container\">\n\t\t\t\t\t\t\t\t\t<p>Vacan\u021bele de var\u0103 nu sunt doar plaje \u0219i \u00eenot. Ai nevoie de timp pentru tine \u0219i corpul t\u0103u pentru a te relaxa \u0219i a-\u021bi umple bateriile. Cooper\u0103m cu institute de spa \u0219i wellness \u00een sarcina dvs., astfel \u00eenc\u00e2t s\u0103 v\u0103 pute\u021bi bucura de momente de relaxare. Toat\u0103 lumea are nevoie de ea. Pute\u021bi avea aranjamentul la institute sau un profesionist poate veni la proprietatea dumneavoastr\u0103 pentru vizite private.<\/p>\n<p>Retrage\u021bi-v\u0103 \u00eentr-o oaz\u0103 de lux \u00een intimitatea vilei dvs&#8230;.<\/p>\n<p>Partenerii no\u0219tri cu experien\u021b\u0103 ofer\u0103 servicii pentru a oferi tratamente personalizate de \u00eenalt\u0103 calitate, pentru orice c\u0103l\u0103tor, indiferent dac\u0103 este individual, cuplu, \u00eentreaga familie, chiar \u0219i copii!<\/p>\n<p>O gam\u0103 larg\u0103 de tratamente de calitate excelent\u0103 sunt disponibile la vila dumneavoastr\u0103, de la tratamente corporale \u0219i faciale, la masaje revitalizante, coafare, tratamente pentru unghii \u0219i multe altele.<\/p>\n<p>Tratamentele speciale cu produse de \u00eenalt\u0103 calitate oferite de exper\u021bii no\u0219tri profesioni\u0219ti \u00een frumuse\u021be \u00een confortul vilei tale, vor transforma tratamentul \u00eentr-o experien\u021b\u0103 senzorial\u0103 de neuitat.<\/p>\n<p>Momente de lini\u0219te \u0219i confort de pl\u0103cere \u0219i amintiri interesante de p\u0103strat pentru via\u021b\u0103.<\/p>\n<p>Asigura\u021bi-v\u0103 c\u0103 nu rata\u021bi aceast\u0103 experien\u021b\u0103!<\/p>\n\t\t\t\t\t\t\t\t<\/div>\n\t\t\t\t<\/div>\n\t\t\t\t\t<\/div>\n\t\t<\/div>\n\t\t\t\t\t<\/div>\n\t\t<\/section>\n\t\t\t\t<section class=\"elementor-section elementor-top-section elementor-element elementor-element-9629cfd elementor-section-boxed elementor-section-height-default elementor-section-height-default\" data-id=\"9629cfd\" data-element_type=\"section\" data-e-type=\"section\">\n\t\t\t\t\t\t<div class=\"elementor-container elementor-column-gap-default\">\n\t\t\t\t\t<div class=\"elementor-column elementor-col-100 elementor-top-column elementor-element elementor-element-d948f0c\" data-id=\"d948f0c\" data-element_type=\"column\" data-e-type=\"column\">\n\t\t\t<div class=\"elementor-widget-wrap elementor-element-populated\">\n\t\t\t\t\t\t<div class=\"elementor-element elementor-element-e18eb6b elementor-widget elementor-widget-shortcode\" data-id=\"e18eb6b\" data-element_type=\"widget\" data-e-type=\"widget\" data-widget_type=\"shortcode.default\">\n\t\t\t\t<div class=\"elementor-widget-container\">\n\t\t\t\t\t\t\t<div class=\"elementor-shortcode\"><p class=\"wpcf7-contact-form-not-found\"><strong>Eroare:<\/strong> Nu am g\u0103sit formularul de contact.<\/p><\/div>\n\t\t\t\t\t\t<\/div>\n\t\t\t\t<\/div>\n\t\t\t\t\t<\/div>\n\t\t<\/div>\n\t\t\t\t\t<\/div>\n\t\t<\/section>\n\t\t\t\t<section class=\"elementor-section elementor-top-section elementor-element elementor-element-9e305f6 elementor-section-boxed elementor-section-height-default elementor-section-height-default\" data-id=\"9e305f6\" data-element_type=\"section\" data-e-type=\"section\">\n\t\t\t\t\t\t<div class=\"elementor-container elementor-column-gap-default\">\n\t\t\t\t\t<div class=\"elementor-column elementor-col-100 elementor-top-column elementor-element elementor-element-05e9f41\" data-id=\"05e9f41\" data-element_type=\"column\" data-e-type=\"column\">\n\t\t\t<div class=\"elementor-widget-wrap\">\n\t\t\t\t\t\t\t<\/div>\n\t\t<\/div>\n\t\t\t\t\t<\/div>\n\t\t<\/section>\n\t\t\t\t<section class=\"elementor-section elementor-top-section elementor-element elementor-element-166a4f7 elementor-section-boxed elementor-section-height-default elementor-section-height-default\" data-id=\"166a4f7\" data-element_type=\"section\" data-e-type=\"section\">\n\t\t\t\t\t\t<div class=\"elementor-container elementor-column-gap-default\">\n\t\t\t\t\t<div class=\"elementor-column elementor-col-100 elementor-top-column elementor-element elementor-element-2b53dad\" data-id=\"2b53dad\" data-element_type=\"column\" data-e-type=\"column\">\n\t\t\t<div class=\"elementor-widget-wrap elementor-element-populated\">\n\t\t\t\t\t\t<div class=\"elementor-element elementor-element-afe396c elementor-widget elementor-widget-image\" data-id=\"afe396c\" data-element_type=\"widget\" data-e-type=\"widget\" data-widget_type=\"image.default\">\n\t\t\t\t<div class=\"elementor-widget-container\">\n\t\t\t\t\t\t\t\t\t\t\t\t\t\t\t<img fetchpriority=\"high\" decoding=\"async\" width=\"1024\" height=\"682\" src=\"https:\/\/lefkadabnb.gr\/wp-content\/uploads\/2024\/02\/cars-3-1024x682.jpg\" class=\"attachment-large size-large wp-image-38113\" alt=\"\" srcset=\"https:\/\/lefkadabnb.gr\/wp-content\/uploads\/2024\/02\/cars-3-1024x682.jpg 1024w, https:\/\/lefkadabnb.gr\/wp-content\/uploads\/2024\/02\/cars-3-300x200.jpg 300w, https:\/\/lefkadabnb.gr\/wp-content\/uploads\/2024\/02\/cars-3-768x512.jpg 768w, https:\/\/lefkadabnb.gr\/wp-content\/uploads\/2024\/02\/cars-3-240x160.jpg 240w, https:\/\/lefkadabnb.gr\/wp-content\/uploads\/2024\/02\/cars-3.jpg 1280w\" sizes=\"(max-width: 1024px) 100vw, 1024px\" \/>\t\t\t\t\t\t\t\t\t\t\t\t\t\t\t<\/div>\n\t\t\t\t<\/div>\n\t\t\t\t\t<\/div>\n\t\t<\/div>\n\t\t\t\t\t<\/div>\n\t\t<\/section>\n\t\t\t\t<\/div>\n\t\t","protected":false},"excerpt":{"rendered":"<p>Vacan\u021bele de var\u0103 nu sunt doar plaje \u0219i \u00eenot. Ai nevoie de timp pentru tine \u0219i corpul t\u0103u pentru a te relaxa \u0219i a-\u021bi umple bateriile. Cooper\u0103m cu institute de spa \u0219i wellness \u00een sarcina dvs., astfel \u00eenc\u00e2t s\u0103 v\u0103 pute\u021bi bucura de momente de relaxare. Toat\u0103 lumea are nevoie de ea. Pute\u021bi avea aranjamentul &#8230;<\/p>\n","protected":false},"author":1,"featured_media":0,"parent":0,"menu_order":0,"comment_status":"closed","ping_status":"closed","template":"","meta":{"footnotes":""},"class_list":["post-39241","page","type-page","status-publish","hentry"],"yoast_head":"<!-- This site is optimized with the Yoast SEO plugin v27.1.1 - https:\/\/yoast.com\/product\/yoast-seo-wordpress\/ -->\n<title>Aranjamente Spa \u0219i Wellness - Lefkada Vacation Rentals 2026 - Villas - Studios - Apartments 2026<\/title>\n<meta name=\"robots\" content=\"index, follow, max-snippet:-1, max-image-preview:large, max-video-preview:-1\" \/>\n<link rel=\"canonical\" href=\"https:\/\/lefkadabnb.gr\/ro\/aranjamente-spa-si-wellness\/\" \/>\n<meta property=\"og:locale\" content=\"ro_RO\" \/>\n<meta property=\"og:type\" content=\"article\" \/>\n<meta property=\"og:title\" content=\"Aranjamente Spa \u0219i Wellness - Lefkada Vacation Rentals 2026 - Villas - Studios - Apartments 2026\" \/>\n<meta property=\"og:description\" content=\"Vacan\u021bele de var\u0103 nu sunt doar plaje \u0219i \u00eenot. Ai nevoie de timp pentru tine \u0219i corpul t\u0103u pentru a te relaxa \u0219i a-\u021bi umple bateriile. Cooper\u0103m cu institute de spa \u0219i wellness \u00een sarcina dvs., astfel \u00eenc\u00e2t s\u0103 v\u0103 pute\u021bi bucura de momente de relaxare. Toat\u0103 lumea are nevoie de ea. Pute\u021bi avea aranjamentul ...\" \/>\n<meta property=\"og:url\" content=\"https:\/\/lefkadabnb.gr\/ro\/aranjamente-spa-si-wellness\/\" \/>\n<meta property=\"og:site_name\" content=\"Lefkada Vacation Rentals 2026 - Villas - Studios - Apartments 2026\" \/>\n<meta property=\"article:modified_time\" content=\"2024-03-08T14:11:08+00:00\" \/>\n<meta property=\"og:image\" content=\"https:\/\/lefkadabnb.gr\/wp-content\/uploads\/2024\/02\/cars-3-1024x682.jpg\" \/>\n<meta name=\"twitter:card\" content=\"summary_large_image\" \/>\n<meta name=\"twitter:label1\" content=\"Timp estimat pentru citire\" \/>\n\t<meta name=\"twitter:data1\" content=\"1 minut\" \/>\n<script type=\"application\/ld+json\" class=\"yoast-schema-graph\">{\"@context\":\"https:\/\/schema.org\",\"@graph\":[{\"@type\":\"WebPage\",\"@id\":\"https:\/\/lefkadabnb.gr\/ro\/aranjamente-spa-si-wellness\/\",\"url\":\"https:\/\/lefkadabnb.gr\/ro\/aranjamente-spa-si-wellness\/\",\"name\":\"Aranjamente Spa \u0219i Wellness - Lefkada Vacation Rentals 2026 - Villas - Studios - Apartments 2026\",\"isPartOf\":{\"@id\":\"https:\/\/lefkadabnb.gr\/ro\/#website\"},\"primaryImageOfPage\":{\"@id\":\"https:\/\/lefkadabnb.gr\/ro\/aranjamente-spa-si-wellness\/#primaryimage\"},\"image\":{\"@id\":\"https:\/\/lefkadabnb.gr\/ro\/aranjamente-spa-si-wellness\/#primaryimage\"},\"thumbnailUrl\":\"https:\/\/lefkadabnb.gr\/wp-content\/uploads\/2024\/02\/cars-3-1024x682.jpg\",\"datePublished\":\"2024-02-09T11:59:38+00:00\",\"dateModified\":\"2024-03-08T14:11:08+00:00\",\"breadcrumb\":{\"@id\":\"https:\/\/lefkadabnb.gr\/ro\/aranjamente-spa-si-wellness\/#breadcrumb\"},\"inLanguage\":\"ro-RO\",\"potentialAction\":[{\"@type\":\"ReadAction\",\"target\":[\"https:\/\/lefkadabnb.gr\/ro\/aranjamente-spa-si-wellness\/\"]}]},{\"@type\":\"ImageObject\",\"inLanguage\":\"ro-RO\",\"@id\":\"https:\/\/lefkadabnb.gr\/ro\/aranjamente-spa-si-wellness\/#primaryimage\",\"url\":\"https:\/\/lefkadabnb.gr\/wp-content\/uploads\/2024\/02\/cars-3-1024x682.jpg\",\"contentUrl\":\"https:\/\/lefkadabnb.gr\/wp-content\/uploads\/2024\/02\/cars-3-1024x682.jpg\"},{\"@type\":\"BreadcrumbList\",\"@id\":\"https:\/\/lefkadabnb.gr\/ro\/aranjamente-spa-si-wellness\/#breadcrumb\",\"itemListElement\":[{\"@type\":\"ListItem\",\"position\":1,\"name\":\"Home\",\"item\":\"https:\/\/lefkadabnb.gr\/ro\/\"},{\"@type\":\"ListItem\",\"position\":2,\"name\":\"Aranjamente Spa \u0219i Wellness\"}]},{\"@type\":\"WebSite\",\"@id\":\"https:\/\/lefkadabnb.gr\/ro\/#website\",\"url\":\"https:\/\/lefkadabnb.gr\/ro\/\",\"name\":\"Lefkada Vacation Rentals 2026 - Villas - Studios - Apartments 2026\",\"description\":\"Lefkada Vacation Rentals 2026 - Villas - Studios - Apartments 2026\",\"potentialAction\":[{\"@type\":\"SearchAction\",\"target\":{\"@type\":\"EntryPoint\",\"urlTemplate\":\"https:\/\/lefkadabnb.gr\/ro\/?s={search_term_string}\"},\"query-input\":{\"@type\":\"PropertyValueSpecification\",\"valueRequired\":true,\"valueName\":\"search_term_string\"}}],\"inLanguage\":\"ro-RO\"}]}<\/script>\n<!-- \/ Yoast SEO plugin. -->","yoast_head_json":{"title":"Aranjamente Spa \u0219i Wellness - Lefkada Vacation Rentals 2026 - Villas - Studios - Apartments 2026","robots":{"index":"index","follow":"follow","max-snippet":"max-snippet:-1","max-image-preview":"max-image-preview:large","max-video-preview":"max-video-preview:-1"},"canonical":"https:\/\/lefkadabnb.gr\/ro\/aranjamente-spa-si-wellness\/","og_locale":"ro_RO","og_type":"article","og_title":"Aranjamente Spa \u0219i Wellness - Lefkada Vacation Rentals 2026 - Villas - Studios - Apartments 2026","og_description":"Vacan\u021bele de var\u0103 nu sunt doar plaje \u0219i \u00eenot. Ai nevoie de timp pentru tine \u0219i corpul t\u0103u pentru a te relaxa \u0219i a-\u021bi umple bateriile. Cooper\u0103m cu institute de spa \u0219i wellness \u00een sarcina dvs., astfel \u00eenc\u00e2t s\u0103 v\u0103 pute\u021bi bucura de momente de relaxare. Toat\u0103 lumea are nevoie de ea. Pute\u021bi avea aranjamentul ...","og_url":"https:\/\/lefkadabnb.gr\/ro\/aranjamente-spa-si-wellness\/","og_site_name":"Lefkada Vacation Rentals 2026 - Villas - Studios - Apartments 2026","article_modified_time":"2024-03-08T14:11:08+00:00","og_image":[{"url":"https:\/\/lefkadabnb.gr\/wp-content\/uploads\/2024\/02\/cars-3-1024x682.jpg","type":"","width":"","height":""}],"twitter_card":"summary_large_image","twitter_misc":{"Timp estimat pentru citire":"1 minut"},"schema":{"@context":"https:\/\/schema.org","@graph":[{"@type":"WebPage","@id":"https:\/\/lefkadabnb.gr\/ro\/aranjamente-spa-si-wellness\/","url":"https:\/\/lefkadabnb.gr\/ro\/aranjamente-spa-si-wellness\/","name":"Aranjamente Spa \u0219i Wellness - Lefkada Vacation Rentals 2026 - Villas - Studios - Apartments 2026","isPartOf":{"@id":"https:\/\/lefkadabnb.gr\/ro\/#website"},"primaryImageOfPage":{"@id":"https:\/\/lefkadabnb.gr\/ro\/aranjamente-spa-si-wellness\/#primaryimage"},"image":{"@id":"https:\/\/lefkadabnb.gr\/ro\/aranjamente-spa-si-wellness\/#primaryimage"},"thumbnailUrl":"https:\/\/lefkadabnb.gr\/wp-content\/uploads\/2024\/02\/cars-3-1024x682.jpg","datePublished":"2024-02-09T11:59:38+00:00","dateModified":"2024-03-08T14:11:08+00:00","breadcrumb":{"@id":"https:\/\/lefkadabnb.gr\/ro\/aranjamente-spa-si-wellness\/#breadcrumb"},"inLanguage":"ro-RO","potentialAction":[{"@type":"ReadAction","target":["https:\/\/lefkadabnb.gr\/ro\/aranjamente-spa-si-wellness\/"]}]},{"@type":"ImageObject","inLanguage":"ro-RO","@id":"https:\/\/lefkadabnb.gr\/ro\/aranjamente-spa-si-wellness\/#primaryimage","url":"https:\/\/lefkadabnb.gr\/wp-content\/uploads\/2024\/02\/cars-3-1024x682.jpg","contentUrl":"https:\/\/lefkadabnb.gr\/wp-content\/uploads\/2024\/02\/cars-3-1024x682.jpg"},{"@type":"BreadcrumbList","@id":"https:\/\/lefkadabnb.gr\/ro\/aranjamente-spa-si-wellness\/#breadcrumb","itemListElement":[{"@type":"ListItem","position":1,"name":"Home","item":"https:\/\/lefkadabnb.gr\/ro\/"},{"@type":"ListItem","position":2,"name":"Aranjamente Spa \u0219i Wellness"}]},{"@type":"WebSite","@id":"https:\/\/lefkadabnb.gr\/ro\/#website","url":"https:\/\/lefkadabnb.gr\/ro\/","name":"Lefkada Vacation Rentals 2026 - Villas - Studios - Apartments 2026","description":"Lefkada Vacation Rentals 2026 - Villas - Studios - Apartments 2026","potentialAction":[{"@type":"SearchAction","target":{"@type":"EntryPoint","urlTemplate":"https:\/\/lefkadabnb.gr\/ro\/?s={search_term_string}"},"query-input":{"@type":"PropertyValueSpecification","valueRequired":true,"valueName":"search_term_string"}}],"inLanguage":"ro-RO"}]}},"_links":{"self":[{"href":"https:\/\/lefkadabnb.gr\/ro\/wp-json\/wp\/v2\/pages\/39241","targetHints":{"allow":["GET"]}}],"collection":[{"href":"https:\/\/lefkadabnb.gr\/ro\/wp-json\/wp\/v2\/pages"}],"about":[{"href":"https:\/\/lefkadabnb.gr\/ro\/wp-json\/wp\/v2\/types\/page"}],"author":[{"embeddable":true,"href":"https:\/\/lefkadabnb.gr\/ro\/wp-json\/wp\/v2\/users\/1"}],"replies":[{"embeddable":true,"href":"https:\/\/lefkadabnb.gr\/ro\/wp-json\/wp\/v2\/comments?post=39241"}],"version-history":[{"count":1,"href":"https:\/\/lefkadabnb.gr\/ro\/wp-json\/wp\/v2\/pages\/39241\/revisions"}],"predecessor-version":[{"id":39242,"href":"https:\/\/lefkadabnb.gr\/ro\/wp-json\/wp\/v2\/pages\/39241\/revisions\/39242"}],"wp:attachment":[{"href":"https:\/\/lefkadabnb.gr\/ro\/wp-json\/wp\/v2\/media?parent=39241"}],"curies":[{"name":"wp","href":"https:\/\/api.w.org\/{rel}","templated":true}]}}