{"id":40382,"date":"2024-04-09T11:54:33","date_gmt":"2024-04-09T11:54:33","guid":{"rendered":"https:\/\/lefkadabnb.gr\/e-bikes-tours\/"},"modified":"2024-04-09T12:18:40","modified_gmt":"2024-04-09T12:18:40","slug":"e-bikes-tours","status":"publish","type":"page","link":"https:\/\/lefkadabnb.gr\/ro\/e-bikes-tours\/","title":{"rendered":"E &#8211; BIKES TOURS"},"content":{"rendered":"<div class=\"wp-block-image\">\n<figure class=\"aligncenter size-full\"><a href=\"https:\/\/lefkadabnb.gr\/wp-content\/uploads\/2024\/04\/image-1.png\"><img fetchpriority=\"high\" decoding=\"async\" width=\"281\" height=\"187\" src=\"https:\/\/lefkadabnb.gr\/wp-content\/uploads\/2024\/04\/image-1.png\" alt=\"\" class=\"wp-image-40370\" srcset=\"https:\/\/lefkadabnb.gr\/wp-content\/uploads\/2024\/04\/image-1.png 281w, https:\/\/lefkadabnb.gr\/wp-content\/uploads\/2024\/04\/image-1-240x160.png 240w\" sizes=\"(max-width: 281px) 100vw, 281px\" \/><\/a><\/figure>\n<\/div>\n<p><strong>\u00cembarca\u021bi-v\u0103 \u00eentr-o aventur\u0103 de neuitat cu excursiile noastre ghidate cu e-bike \u0219i scufunda\u021bi-v\u0103 \u00een frumuse\u021bea captivant\u0103 a Lefkadei!<\/strong><\/p>\n\n<p>Experimenta\u021bi aventura de neegalat care v\u0103 a\u0219teapt\u0103 pe fermec\u0103toarea insul\u0103 Lefkada! Tururile noastre de e-bike meticulos concepute \u00eembin\u0103 emo\u021bia bicicletelor electrice fat bike cu vizitarea captivant\u0103 a obiectivelor turistice, degustarea de vinuri indulgent\u0103 \u0219i \u00eendrumarea exper\u021bilor, promi\u021b\u00e2nd o c\u0103l\u0103torie de neuitat.<\/p>\n\n<p>\u00cen centrul nostru se afl\u0103 angajamentul fa\u021b\u0103 de siguran\u021b\u0103. Excursiile noastre planificate cu aten\u021bie se adreseaz\u0103 persoanelor de toate nivelurile de preg\u0103tire fizic\u0103, asigur\u00e2nd o experien\u021b\u0103 sigur\u0103 \u0219i pl\u0103cut\u0103 pentru toat\u0103 lumea. Cu ghizii no\u0219tri profesioni\u0219ti \u00een frunte, pute\u021bi str\u0103bate bijuteriile ascunse ale insulei cu \u00eencredere \u0219i lini\u0219te.<\/p>\n\n<p>Cu toate acestea, tururile noastre cu e-bike ofer\u0103 mai mult dec\u00e2t o simpl\u0103 explorare. Cufunda\u021bi-v\u0103 \u00een cultura local\u0103 vibrant\u0103 \u00een timp ce v\u0103 delecta\u021bi cu arome delicioase \u0219i savura\u021bi vinuri rafinate \u00een timpul opririlor noastre exclusive de degustare. Traseele noastre \u0219erpuiesc prin 6-8 sate pitore\u0219ti \u0219i includ vizite la 1-2 dintre m\u0103n\u0103stirile istorice din Lefkada, permi\u021b\u00e2nd o imersiune complet\u0103 \u00een farmecul insulei.<\/p>\n\n<p>Captura\u021bi esen\u021ba c\u0103l\u0103toriei dvs. cu \u0219edin\u021bele noastre foto \u0219i video, p\u0103str\u00e2nd cele mai pre\u021bioase momente pentru o via\u021b\u0103 \u00eentreag\u0103 de amintiri.<\/p>\n\n<p>Profita\u021bi de ocazia de a descoperi minunile din Lefkada. Contacta\u021bi-ne acum pentru a v\u0103 asigura un loc \u00een turul nostru cu e-bike \u0219i porni\u021bi \u00eentr-o c\u0103l\u0103torie de neuitat!<\/p>\n\n<p><strong>Tarife cu am\u0103nuntul:<\/strong> Vindem pe Tripadvisor \u00eentre 100-110 euro de persoan\u0103.<\/p>\n\n<p><strong>Rata dvs. net\u0103:<\/strong> 70 de euro de persoan\u0103 (de preferin\u021b\u0103 \u00een numerar la sf\u00e2r\u0219itul turului)<\/p>\n\n<p><strong>Disponibilitate:<\/strong> p\u00e2n\u0103 la 5-6 biciclete pe grup (trebuie s\u0103 ne contacta\u021bi \u00een prealabil pentru a confirma)<\/p>\n\n<p><strong>Pick up \/ Drop off:<\/strong> Available at an extra 10 euros per person (for up to 4 persons back and forth)<\/p>\n\n<p><strong>Schimburi:<\/strong> (2 pe zi) Diminea\u021ba 9:00-12:00 \u0219i dup\u0103-amiaza 16:00-19:00<\/p>\n\n<p><strong>Sezonul de func\u021bionare:<\/strong> 1 aprilie &#8211; jum\u0103tatea lunii octombrie (se va vedea \u00een deplasare)<\/p>\n\n<p>Citi\u021bi mai multe despre aceast\u0103 experien\u021b\u0103 unic\u0103 cu e-bike:<\/p>\n\n<figure class=\"wp-block-embed\"><div class=\"wp-block-embed__wrapper\">\r\nhttps:\/\/lefkadatours.com\/blogs\/holidays-in-lefkada\/discover-the-best-part-of-lefkada-on-an-e-fat-bike-tour\r\n<\/div><\/figure>\r\n\n<p><\/p>\n\n<figure class=\"wp-block-embed\"><div class=\"wp-block-embed__wrapper\">\r\nhttps:\/\/lefkadatours.com\/blogs\/holidays-in-lefkada\/the-ultimate-guide-to-cycling-in-lefkada\r\n<\/div><\/figure>\r\n","protected":false},"excerpt":{"rendered":"<p>\u00cembarca\u021bi-v\u0103 \u00eentr-o aventur\u0103 de neuitat cu excursiile noastre ghidate cu e-bike \u0219i scufunda\u021bi-v\u0103 \u00een frumuse\u021bea captivant\u0103 a Lefkadei! Experimenta\u021bi aventura de neegalat care v\u0103 a\u0219teapt\u0103 pe fermec\u0103toarea insul\u0103 Lefkada! Tururile noastre de e-bike meticulos concepute \u00eembin\u0103 emo\u021bia bicicletelor electrice fat bike cu vizitarea captivant\u0103 a obiectivelor turistice, degustarea de vinuri indulgent\u0103 \u0219i \u00eendrumarea exper\u021bilor, promi\u021b\u00e2nd &#8230;<\/p>\n","protected":false},"author":1,"featured_media":0,"parent":0,"menu_order":0,"comment_status":"closed","ping_status":"closed","template":"","meta":{"footnotes":""},"class_list":["post-40382","page","type-page","status-publish","hentry"],"yoast_head":"<!-- This site is optimized with the Yoast SEO plugin v27.1.1 - https:\/\/yoast.com\/product\/yoast-seo-wordpress\/ -->\n<title>E - BIKES TOURS - Lefkada Vacation Rentals 2026 - Villas - Studios - Apartments 2026<\/title>\n<meta name=\"robots\" content=\"index, follow, max-snippet:-1, max-image-preview:large, max-video-preview:-1\" \/>\n<link rel=\"canonical\" href=\"https:\/\/lefkadabnb.gr\/ro\/e-bikes-tours\/\" \/>\n<meta property=\"og:locale\" content=\"ro_RO\" \/>\n<meta property=\"og:type\" content=\"article\" \/>\n<meta property=\"og:title\" content=\"E - BIKES TOURS - Lefkada Vacation Rentals 2026 - Villas - Studios - Apartments 2026\" \/>\n<meta property=\"og:description\" content=\"\u00cembarca\u021bi-v\u0103 \u00eentr-o aventur\u0103 de neuitat cu excursiile noastre ghidate cu e-bike \u0219i scufunda\u021bi-v\u0103 \u00een frumuse\u021bea captivant\u0103 a Lefkadei! Experimenta\u021bi aventura de neegalat care v\u0103 a\u0219teapt\u0103 pe fermec\u0103toarea insul\u0103 Lefkada! Tururile noastre de e-bike meticulos concepute \u00eembin\u0103 emo\u021bia bicicletelor electrice fat bike cu vizitarea captivant\u0103 a obiectivelor turistice, degustarea de vinuri indulgent\u0103 \u0219i \u00eendrumarea exper\u021bilor, promi\u021b\u00e2nd ...\" \/>\n<meta property=\"og:url\" content=\"https:\/\/lefkadabnb.gr\/ro\/e-bikes-tours\/\" \/>\n<meta property=\"og:site_name\" content=\"Lefkada Vacation Rentals 2026 - Villas - Studios - Apartments 2026\" \/>\n<meta property=\"article:modified_time\" content=\"2024-04-09T12:18:40+00:00\" \/>\n<meta property=\"og:image\" content=\"https:\/\/lefkadabnb.gr\/wp-content\/uploads\/2024\/04\/image-1.png\" \/>\n<meta name=\"twitter:card\" content=\"summary_large_image\" \/>\n<meta name=\"twitter:label1\" content=\"Timp estimat pentru citire\" \/>\n\t<meta name=\"twitter:data1\" content=\"2 minute\" \/>\n<script type=\"application\/ld+json\" class=\"yoast-schema-graph\">{\"@context\":\"https:\/\/schema.org\",\"@graph\":[{\"@type\":\"WebPage\",\"@id\":\"https:\/\/lefkadabnb.gr\/ro\/e-bikes-tours\/\",\"url\":\"https:\/\/lefkadabnb.gr\/ro\/e-bikes-tours\/\",\"name\":\"E - BIKES TOURS - Lefkada Vacation Rentals 2026 - Villas - Studios - Apartments 2026\",\"isPartOf\":{\"@id\":\"https:\/\/lefkadabnb.gr\/ro\/#website\"},\"primaryImageOfPage\":{\"@id\":\"https:\/\/lefkadabnb.gr\/ro\/e-bikes-tours\/#primaryimage\"},\"image\":{\"@id\":\"https:\/\/lefkadabnb.gr\/ro\/e-bikes-tours\/#primaryimage\"},\"thumbnailUrl\":\"https:\/\/lefkadabnb.gr\/wp-content\/uploads\/2024\/04\/image-1.png\",\"datePublished\":\"2024-04-09T11:54:33+00:00\",\"dateModified\":\"2024-04-09T12:18:40+00:00\",\"breadcrumb\":{\"@id\":\"https:\/\/lefkadabnb.gr\/ro\/e-bikes-tours\/#breadcrumb\"},\"inLanguage\":\"ro-RO\",\"potentialAction\":[{\"@type\":\"ReadAction\",\"target\":[\"https:\/\/lefkadabnb.gr\/ro\/e-bikes-tours\/\"]}]},{\"@type\":\"ImageObject\",\"inLanguage\":\"ro-RO\",\"@id\":\"https:\/\/lefkadabnb.gr\/ro\/e-bikes-tours\/#primaryimage\",\"url\":\"https:\/\/lefkadabnb.gr\/wp-content\/uploads\/2024\/04\/image-1.png\",\"contentUrl\":\"https:\/\/lefkadabnb.gr\/wp-content\/uploads\/2024\/04\/image-1.png\"},{\"@type\":\"BreadcrumbList\",\"@id\":\"https:\/\/lefkadabnb.gr\/ro\/e-bikes-tours\/#breadcrumb\",\"itemListElement\":[{\"@type\":\"ListItem\",\"position\":1,\"name\":\"Home\",\"item\":\"https:\/\/lefkadabnb.gr\/ro\/\"},{\"@type\":\"ListItem\",\"position\":2,\"name\":\"E &#8211; BIKES TOURS\"}]},{\"@type\":\"WebSite\",\"@id\":\"https:\/\/lefkadabnb.gr\/ro\/#website\",\"url\":\"https:\/\/lefkadabnb.gr\/ro\/\",\"name\":\"Lefkada Vacation Rentals 2026 - Villas - Studios - Apartments 2026\",\"description\":\"Lefkada Vacation Rentals 2026 - Villas - Studios - Apartments 2026\",\"potentialAction\":[{\"@type\":\"SearchAction\",\"target\":{\"@type\":\"EntryPoint\",\"urlTemplate\":\"https:\/\/lefkadabnb.gr\/ro\/?s={search_term_string}\"},\"query-input\":{\"@type\":\"PropertyValueSpecification\",\"valueRequired\":true,\"valueName\":\"search_term_string\"}}],\"inLanguage\":\"ro-RO\"}]}<\/script>\n<!-- \/ Yoast SEO plugin. -->","yoast_head_json":{"title":"E - BIKES TOURS - Lefkada Vacation Rentals 2026 - Villas - Studios - Apartments 2026","robots":{"index":"index","follow":"follow","max-snippet":"max-snippet:-1","max-image-preview":"max-image-preview:large","max-video-preview":"max-video-preview:-1"},"canonical":"https:\/\/lefkadabnb.gr\/ro\/e-bikes-tours\/","og_locale":"ro_RO","og_type":"article","og_title":"E - BIKES TOURS - Lefkada Vacation Rentals 2026 - Villas - Studios - Apartments 2026","og_description":"\u00cembarca\u021bi-v\u0103 \u00eentr-o aventur\u0103 de neuitat cu excursiile noastre ghidate cu e-bike \u0219i scufunda\u021bi-v\u0103 \u00een frumuse\u021bea captivant\u0103 a Lefkadei! Experimenta\u021bi aventura de neegalat care v\u0103 a\u0219teapt\u0103 pe fermec\u0103toarea insul\u0103 Lefkada! Tururile noastre de e-bike meticulos concepute \u00eembin\u0103 emo\u021bia bicicletelor electrice fat bike cu vizitarea captivant\u0103 a obiectivelor turistice, degustarea de vinuri indulgent\u0103 \u0219i \u00eendrumarea exper\u021bilor, promi\u021b\u00e2nd ...","og_url":"https:\/\/lefkadabnb.gr\/ro\/e-bikes-tours\/","og_site_name":"Lefkada Vacation Rentals 2026 - Villas - Studios - Apartments 2026","article_modified_time":"2024-04-09T12:18:40+00:00","og_image":[{"url":"https:\/\/lefkadabnb.gr\/wp-content\/uploads\/2024\/04\/image-1.png","type":"","width":"","height":""}],"twitter_card":"summary_large_image","twitter_misc":{"Timp estimat pentru citire":"2 minute"},"schema":{"@context":"https:\/\/schema.org","@graph":[{"@type":"WebPage","@id":"https:\/\/lefkadabnb.gr\/ro\/e-bikes-tours\/","url":"https:\/\/lefkadabnb.gr\/ro\/e-bikes-tours\/","name":"E - BIKES TOURS - Lefkada Vacation Rentals 2026 - Villas - Studios - Apartments 2026","isPartOf":{"@id":"https:\/\/lefkadabnb.gr\/ro\/#website"},"primaryImageOfPage":{"@id":"https:\/\/lefkadabnb.gr\/ro\/e-bikes-tours\/#primaryimage"},"image":{"@id":"https:\/\/lefkadabnb.gr\/ro\/e-bikes-tours\/#primaryimage"},"thumbnailUrl":"https:\/\/lefkadabnb.gr\/wp-content\/uploads\/2024\/04\/image-1.png","datePublished":"2024-04-09T11:54:33+00:00","dateModified":"2024-04-09T12:18:40+00:00","breadcrumb":{"@id":"https:\/\/lefkadabnb.gr\/ro\/e-bikes-tours\/#breadcrumb"},"inLanguage":"ro-RO","potentialAction":[{"@type":"ReadAction","target":["https:\/\/lefkadabnb.gr\/ro\/e-bikes-tours\/"]}]},{"@type":"ImageObject","inLanguage":"ro-RO","@id":"https:\/\/lefkadabnb.gr\/ro\/e-bikes-tours\/#primaryimage","url":"https:\/\/lefkadabnb.gr\/wp-content\/uploads\/2024\/04\/image-1.png","contentUrl":"https:\/\/lefkadabnb.gr\/wp-content\/uploads\/2024\/04\/image-1.png"},{"@type":"BreadcrumbList","@id":"https:\/\/lefkadabnb.gr\/ro\/e-bikes-tours\/#breadcrumb","itemListElement":[{"@type":"ListItem","position":1,"name":"Home","item":"https:\/\/lefkadabnb.gr\/ro\/"},{"@type":"ListItem","position":2,"name":"E &#8211; BIKES TOURS"}]},{"@type":"WebSite","@id":"https:\/\/lefkadabnb.gr\/ro\/#website","url":"https:\/\/lefkadabnb.gr\/ro\/","name":"Lefkada Vacation Rentals 2026 - Villas - Studios - Apartments 2026","description":"Lefkada Vacation Rentals 2026 - Villas - Studios - Apartments 2026","potentialAction":[{"@type":"SearchAction","target":{"@type":"EntryPoint","urlTemplate":"https:\/\/lefkadabnb.gr\/ro\/?s={search_term_string}"},"query-input":{"@type":"PropertyValueSpecification","valueRequired":true,"valueName":"search_term_string"}}],"inLanguage":"ro-RO"}]}},"_links":{"self":[{"href":"https:\/\/lefkadabnb.gr\/ro\/wp-json\/wp\/v2\/pages\/40382","targetHints":{"allow":["GET"]}}],"collection":[{"href":"https:\/\/lefkadabnb.gr\/ro\/wp-json\/wp\/v2\/pages"}],"about":[{"href":"https:\/\/lefkadabnb.gr\/ro\/wp-json\/wp\/v2\/types\/page"}],"author":[{"embeddable":true,"href":"https:\/\/lefkadabnb.gr\/ro\/wp-json\/wp\/v2\/users\/1"}],"replies":[{"embeddable":true,"href":"https:\/\/lefkadabnb.gr\/ro\/wp-json\/wp\/v2\/comments?post=40382"}],"version-history":[{"count":1,"href":"https:\/\/lefkadabnb.gr\/ro\/wp-json\/wp\/v2\/pages\/40382\/revisions"}],"predecessor-version":[{"id":40383,"href":"https:\/\/lefkadabnb.gr\/ro\/wp-json\/wp\/v2\/pages\/40382\/revisions\/40383"}],"wp:attachment":[{"href":"https:\/\/lefkadabnb.gr\/ro\/wp-json\/wp\/v2\/media?parent=40382"}],"curies":[{"name":"wp","href":"https:\/\/api.w.org\/{rel}","templated":true}]}}